{"id":1066,"date":"2017-06-28T10:10:40","date_gmt":"2017-06-28T08:10:40","guid":{"rendered":"https:\/\/www.carnicasiglesias.com\/salud-y-calidad\/"},"modified":"2019-08-29T09:45:07","modified_gmt":"2019-08-29T07:45:07","slug":"health-and-quality","status":"publish","type":"page","link":"https:\/\/www.carnicasiglesias.com\/en\/health-and-quality\/","title":{"rendered":"Health And Quality"},"content":{"rendered":"<p>From Iglesias we are focusing on sports and youth. A commitment that has been kept since the thirties when it was stablished Paco Iglesias football team.<\/p>\n<p>Nowadays, Iglesias is proud of being part of a big family; Santa Marta football team, supporting it in different championships in which football players of a wide range of categories stand for<br \/>\nthe colors of its team. They represent all that we wish that our sons never abandon.<\/p>\n<p>Effort, teamwork, companionship, sacrifice, responsibility\u2026 are values that enrich human being and from Santa Marta football team, our local football team, these values are fostered and boosted every day, training towards life and sport young people that love and live intensively football.<\/p>\n<p>Apart from football, we support different sport events such as basketball championships, marathons, cycling\u2026<\/p>\n","protected":false},"excerpt":{"rendered":"<p>From Iglesias we are focusing on sports and youth. A commitment that has been kept since the thirties when it was stablished Paco Iglesias football team. Nowadays, Iglesias is proud of being part of a big family; Santa Marta football team, supporting it in different championships in which football players of a wide range of &hellip; <\/p>\n<p class=\"link-more\"><a href=\"https:\/\/www.carnicasiglesias.com\/en\/health-and-quality\/\" class=\"more-link\">Continue reading<span class=\"screen-reader-text\"> &#8220;Health And Quality&#8221;<\/span><\/a><\/p>\n","protected":false},"author":1,"featured_media":1067,"parent":0,"menu_order":0,"comment_status":"closed","ping_status":"closed","template":"page-salud.php","meta":{"_acf_changed":false,"footnotes":""},"class_list":["post-1066","page","type-page","status-publish","has-post-thumbnail","hentry"],"acf":[],"yoast_head":"<!-- This site is optimized with the Yoast SEO plugin v24.8.1 - https:\/\/yoast.com\/wordpress\/plugins\/seo\/ -->\n<title>Health And Quality | C\u00e1rnicas Iglesias<\/title>\n<meta name=\"description\" content=\"P\u00c1GINA SALUD Y CALIDAD. En Iglesias apostamos por la juventud y el deporte. Un compromiso que se ha mantenido desde que ya en los a\u00f1os 30, se fundara el equipo de f\u00fatbol. Iglesias se enorgullece de formar parte de una gran familia; la Uni\u00f3n Deportiva Santa Marta, apoyando al club en diferentes torneos deportivos.\" \/>\n<meta name=\"robots\" content=\"index, follow, max-snippet:-1, max-image-preview:large, max-video-preview:-1\" \/>\n<link rel=\"canonical\" href=\"https:\/\/www.carnicasiglesias.com\/salud-y-calidad\/\" \/>\n<meta property=\"og:locale\" content=\"en_US\" \/>\n<meta property=\"og:type\" content=\"article\" \/>\n<meta property=\"og:title\" content=\"Health And Quality | C\u00e1rnicas Iglesias\" \/>\n<meta property=\"og:description\" content=\"P\u00c1GINA SALUD Y CALIDAD. En Iglesias apostamos por la juventud y el deporte. Un compromiso que se ha mantenido desde que ya en los a\u00f1os 30, se fundara el equipo de f\u00fatbol. Iglesias se enorgullece de formar parte de una gran familia; la Uni\u00f3n Deportiva Santa Marta, apoyando al club en diferentes torneos deportivos.\" \/>\n<meta property=\"og:url\" content=\"https:\/\/www.carnicasiglesias.com\/salud-y-calidad\/\" \/>\n<meta property=\"og:site_name\" content=\"C\u00e1rnicas Iglesias\" \/>\n<meta property=\"article:modified_time\" content=\"2019-08-29T07:45:07+00:00\" \/>\n<meta property=\"og:image\" content=\"https:\/\/www.carnicasiglesias.com\/wp-content\/uploads\/2017\/06\/slide1.png\" \/>\n\t<meta property=\"og:image:width\" content=\"1600\" \/>\n\t<meta property=\"og:image:height\" content=\"797\" \/>\n\t<meta property=\"og:image:type\" content=\"image\/png\" \/>\n<meta name=\"twitter:card\" content=\"summary_large_image\" \/>\n<meta name=\"twitter:label1\" content=\"Est. reading time\" \/>\n\t<meta name=\"twitter:data1\" content=\"1 minute\" \/>\n<script type=\"application\/ld+json\" class=\"yoast-schema-graph\">{\"@context\":\"https:\/\/schema.org\",\"@graph\":[{\"@type\":\"WebPage\",\"@id\":\"https:\/\/www.carnicasiglesias.com\/salud-y-calidad\/\",\"url\":\"https:\/\/www.carnicasiglesias.com\/salud-y-calidad\/\",\"name\":\"Health And Quality | C\u00e1rnicas Iglesias\",\"isPartOf\":{\"@id\":\"https:\/\/www.carnicasiglesias.com\/#website\"},\"primaryImageOfPage\":{\"@id\":\"https:\/\/www.carnicasiglesias.com\/salud-y-calidad\/#primaryimage\"},\"image\":{\"@id\":\"https:\/\/www.carnicasiglesias.com\/salud-y-calidad\/#primaryimage\"},\"thumbnailUrl\":\"https:\/\/www.carnicasiglesias.com\/wp-content\/uploads\/2017\/06\/slide1.png\",\"datePublished\":\"2017-06-28T08:10:40+00:00\",\"dateModified\":\"2019-08-29T07:45:07+00:00\",\"description\":\"P\u00c1GINA SALUD Y CALIDAD. En Iglesias apostamos por la juventud y el deporte. Un compromiso que se ha mantenido desde que ya en los a\u00f1os 30, se fundara el equipo de f\u00fatbol. Iglesias se enorgullece de formar parte de una gran familia; la Uni\u00f3n Deportiva Santa Marta, apoyando al club en diferentes torneos deportivos.\",\"breadcrumb\":{\"@id\":\"https:\/\/www.carnicasiglesias.com\/salud-y-calidad\/#breadcrumb\"},\"inLanguage\":\"en-US\",\"potentialAction\":[{\"@type\":\"ReadAction\",\"target\":[\"https:\/\/www.carnicasiglesias.com\/salud-y-calidad\/\"]}]},{\"@type\":\"ImageObject\",\"inLanguage\":\"en-US\",\"@id\":\"https:\/\/www.carnicasiglesias.com\/salud-y-calidad\/#primaryimage\",\"url\":\"https:\/\/www.carnicasiglesias.com\/wp-content\/uploads\/2017\/06\/slide1.png\",\"contentUrl\":\"https:\/\/www.carnicasiglesias.com\/wp-content\/uploads\/2017\/06\/slide1.png\",\"width\":1600,\"height\":797},{\"@type\":\"BreadcrumbList\",\"@id\":\"https:\/\/www.carnicasiglesias.com\/salud-y-calidad\/#breadcrumb\",\"itemListElement\":[{\"@type\":\"ListItem\",\"position\":1,\"name\":\"Portada\",\"item\":\"https:\/\/www.carnicasiglesias.com\/en\/\"},{\"@type\":\"ListItem\",\"position\":2,\"name\":\"Health And Quality\"}]},{\"@type\":\"WebSite\",\"@id\":\"https:\/\/www.carnicasiglesias.com\/#website\",\"url\":\"https:\/\/www.carnicasiglesias.com\/\",\"name\":\"C\u00e1rnicas Iglesias\",\"description\":\"P\u00e1gina web de C\u00e1rnicas Iglesias\",\"potentialAction\":[{\"@type\":\"SearchAction\",\"target\":{\"@type\":\"EntryPoint\",\"urlTemplate\":\"https:\/\/www.carnicasiglesias.com\/?s={search_term_string}\"},\"query-input\":{\"@type\":\"PropertyValueSpecification\",\"valueRequired\":true,\"valueName\":\"search_term_string\"}}],\"inLanguage\":\"en-US\"}]}<\/script>\n<!-- \/ Yoast SEO plugin. -->","yoast_head_json":{"title":"Health And Quality | C\u00e1rnicas Iglesias","description":"P\u00c1GINA SALUD Y CALIDAD. En Iglesias apostamos por la juventud y el deporte. Un compromiso que se ha mantenido desde que ya en los a\u00f1os 30, se fundara el equipo de f\u00fatbol. Iglesias se enorgullece de formar parte de una gran familia; la Uni\u00f3n Deportiva Santa Marta, apoyando al club en diferentes torneos deportivos.","robots":{"index":"index","follow":"follow","max-snippet":"max-snippet:-1","max-image-preview":"max-image-preview:large","max-video-preview":"max-video-preview:-1"},"canonical":"https:\/\/www.carnicasiglesias.com\/salud-y-calidad\/","og_locale":"en_US","og_type":"article","og_title":"Health And Quality | C\u00e1rnicas Iglesias","og_description":"P\u00c1GINA SALUD Y CALIDAD. En Iglesias apostamos por la juventud y el deporte. Un compromiso que se ha mantenido desde que ya en los a\u00f1os 30, se fundara el equipo de f\u00fatbol. Iglesias se enorgullece de formar parte de una gran familia; la Uni\u00f3n Deportiva Santa Marta, apoyando al club en diferentes torneos deportivos.","og_url":"https:\/\/www.carnicasiglesias.com\/salud-y-calidad\/","og_site_name":"C\u00e1rnicas Iglesias","article_modified_time":"2019-08-29T07:45:07+00:00","og_image":[{"width":1600,"height":797,"url":"https:\/\/www.carnicasiglesias.com\/wp-content\/uploads\/2017\/06\/slide1.png","type":"image\/png"}],"twitter_card":"summary_large_image","twitter_misc":{"Est. reading time":"1 minute"},"schema":{"@context":"https:\/\/schema.org","@graph":[{"@type":"WebPage","@id":"https:\/\/www.carnicasiglesias.com\/salud-y-calidad\/","url":"https:\/\/www.carnicasiglesias.com\/salud-y-calidad\/","name":"Health And Quality | C\u00e1rnicas Iglesias","isPartOf":{"@id":"https:\/\/www.carnicasiglesias.com\/#website"},"primaryImageOfPage":{"@id":"https:\/\/www.carnicasiglesias.com\/salud-y-calidad\/#primaryimage"},"image":{"@id":"https:\/\/www.carnicasiglesias.com\/salud-y-calidad\/#primaryimage"},"thumbnailUrl":"https:\/\/www.carnicasiglesias.com\/wp-content\/uploads\/2017\/06\/slide1.png","datePublished":"2017-06-28T08:10:40+00:00","dateModified":"2019-08-29T07:45:07+00:00","description":"P\u00c1GINA SALUD Y CALIDAD. En Iglesias apostamos por la juventud y el deporte. Un compromiso que se ha mantenido desde que ya en los a\u00f1os 30, se fundara el equipo de f\u00fatbol. Iglesias se enorgullece de formar parte de una gran familia; la Uni\u00f3n Deportiva Santa Marta, apoyando al club en diferentes torneos deportivos.","breadcrumb":{"@id":"https:\/\/www.carnicasiglesias.com\/salud-y-calidad\/#breadcrumb"},"inLanguage":"en-US","potentialAction":[{"@type":"ReadAction","target":["https:\/\/www.carnicasiglesias.com\/salud-y-calidad\/"]}]},{"@type":"ImageObject","inLanguage":"en-US","@id":"https:\/\/www.carnicasiglesias.com\/salud-y-calidad\/#primaryimage","url":"https:\/\/www.carnicasiglesias.com\/wp-content\/uploads\/2017\/06\/slide1.png","contentUrl":"https:\/\/www.carnicasiglesias.com\/wp-content\/uploads\/2017\/06\/slide1.png","width":1600,"height":797},{"@type":"BreadcrumbList","@id":"https:\/\/www.carnicasiglesias.com\/salud-y-calidad\/#breadcrumb","itemListElement":[{"@type":"ListItem","position":1,"name":"Portada","item":"https:\/\/www.carnicasiglesias.com\/en\/"},{"@type":"ListItem","position":2,"name":"Health And Quality"}]},{"@type":"WebSite","@id":"https:\/\/www.carnicasiglesias.com\/#website","url":"https:\/\/www.carnicasiglesias.com\/","name":"C\u00e1rnicas Iglesias","description":"P\u00e1gina web de C\u00e1rnicas Iglesias","potentialAction":[{"@type":"SearchAction","target":{"@type":"EntryPoint","urlTemplate":"https:\/\/www.carnicasiglesias.com\/?s={search_term_string}"},"query-input":{"@type":"PropertyValueSpecification","valueRequired":true,"valueName":"search_term_string"}}],"inLanguage":"en-US"}]}},"_links":{"self":[{"href":"https:\/\/www.carnicasiglesias.com\/en\/wp-json\/wp\/v2\/pages\/1066","targetHints":{"allow":["GET"]}}],"collection":[{"href":"https:\/\/www.carnicasiglesias.com\/en\/wp-json\/wp\/v2\/pages"}],"about":[{"href":"https:\/\/www.carnicasiglesias.com\/en\/wp-json\/wp\/v2\/types\/page"}],"author":[{"embeddable":true,"href":"https:\/\/www.carnicasiglesias.com\/en\/wp-json\/wp\/v2\/users\/1"}],"replies":[{"embeddable":true,"href":"https:\/\/www.carnicasiglesias.com\/en\/wp-json\/wp\/v2\/comments?post=1066"}],"version-history":[{"count":3,"href":"https:\/\/www.carnicasiglesias.com\/en\/wp-json\/wp\/v2\/pages\/1066\/revisions"}],"predecessor-version":[{"id":1070,"href":"https:\/\/www.carnicasiglesias.com\/en\/wp-json\/wp\/v2\/pages\/1066\/revisions\/1070"}],"wp:featuredmedia":[{"embeddable":true,"href":"https:\/\/www.carnicasiglesias.com\/en\/wp-json\/wp\/v2\/media\/1067"}],"wp:attachment":[{"href":"https:\/\/www.carnicasiglesias.com\/en\/wp-json\/wp\/v2\/media?parent=1066"}],"curies":[{"name":"wp","href":"https:\/\/api.w.org\/{rel}","templated":true}]}}