{"id":915,"date":"2017-06-23T09:17:54","date_gmt":"2017-06-23T07:17:54","guid":{"rendered":"https:\/\/www.carnicasiglesias.com\/carnicas-iglesias\/"},"modified":"2019-08-20T09:55:28","modified_gmt":"2019-08-20T07:55:28","slug":"carnicas-iglesias","status":"publish","type":"page","link":"https:\/\/www.carnicasiglesias.com\/en\/carnicas-iglesias\/","title":{"rendered":"C\u00e1rnicas Iglesias"},"content":{"rendered":"<p>Our staff is our best asset. Our hallmark is based on our orientation to modern distribution and changing consumption habits.<br \/>\nThrough the products that we produce and commercialize, we are respectful with society, nature and competitors.<\/p>\n<p>We belong to Salamanca, Spain, Europe and the World. Since 1928 for many years to come.<\/p>\n<p>We feel the power and enthusiasm to do the best every day. We look to the future knowing where we come from. We are the present and we are alive.<\/p>\n<p><strong>As\u00ed da gusto<\/strong><\/p>\n<div class=\"video-carn btnCarn\"><a href=\"\/#slide2\">Watch video<\/a><\/div>\n","protected":false},"excerpt":{"rendered":"<p>Our staff is our best asset. Our hallmark is based on our orientation to modern distribution and changing consumption habits. Through the products that we produce and commercialize, we are respectful with society, nature and competitors. We belong to Salamanca, Spain, Europe and the World. Since 1928 for many years to come. We feel the &hellip; <\/p>\n<p class=\"link-more\"><a href=\"https:\/\/www.carnicasiglesias.com\/en\/carnicas-iglesias\/\" class=\"more-link\">Continue reading<span class=\"screen-reader-text\"> &#8220;C\u00e1rnicas Iglesias&#8221;<\/span><\/a><\/p>\n","protected":false},"author":1,"featured_media":0,"parent":0,"menu_order":0,"comment_status":"closed","ping_status":"closed","template":"page-carnicas.php","meta":{"_acf_changed":false,"footnotes":""},"class_list":["post-915","page","type-page","status-publish","hentry"],"acf":[],"yoast_head":"<!-- This site is optimized with the Yoast SEO plugin v24.8.1 - https:\/\/yoast.com\/wordpress\/plugins\/seo\/ -->\n<title>C\u00e1rnicas Iglesias | C\u00e1rnicas Iglesias<\/title>\n<meta name=\"description\" content=\"P\u00c1GINA DE QUIENES SOMOS DE C\u00c1RNICAS IGLESIAS. Nuestro personal es nuestro gran activo y la orientaci\u00f3n a la distribuci\u00f3n moderna y a los h\u00e1bitos de consumo cambiantes, nuestra se\u00f1a de identidad.\" \/>\n<meta name=\"robots\" content=\"index, follow, max-snippet:-1, max-image-preview:large, max-video-preview:-1\" \/>\n<link rel=\"canonical\" href=\"https:\/\/www.carnicasiglesias.com\/carnicas-iglesias\/\" \/>\n<meta property=\"og:locale\" content=\"en_US\" \/>\n<meta property=\"og:type\" content=\"article\" \/>\n<meta property=\"og:title\" content=\"C\u00e1rnicas Iglesias | C\u00e1rnicas Iglesias\" \/>\n<meta property=\"og:description\" content=\"P\u00c1GINA DE QUIENES SOMOS DE C\u00c1RNICAS IGLESIAS. Nuestro personal es nuestro gran activo y la orientaci\u00f3n a la distribuci\u00f3n moderna y a los h\u00e1bitos de consumo cambiantes, nuestra se\u00f1a de identidad.\" \/>\n<meta property=\"og:url\" content=\"https:\/\/www.carnicasiglesias.com\/carnicas-iglesias\/\" \/>\n<meta property=\"og:site_name\" content=\"C\u00e1rnicas Iglesias\" \/>\n<meta property=\"article:modified_time\" content=\"2019-08-20T07:55:28+00:00\" \/>\n<meta name=\"twitter:card\" content=\"summary_large_image\" \/>\n<script type=\"application\/ld+json\" class=\"yoast-schema-graph\">{\"@context\":\"https:\/\/schema.org\",\"@graph\":[{\"@type\":\"WebPage\",\"@id\":\"https:\/\/www.carnicasiglesias.com\/carnicas-iglesias\/\",\"url\":\"https:\/\/www.carnicasiglesias.com\/carnicas-iglesias\/\",\"name\":\"C\u00e1rnicas Iglesias | C\u00e1rnicas Iglesias\",\"isPartOf\":{\"@id\":\"https:\/\/www.carnicasiglesias.com\/#website\"},\"datePublished\":\"2017-06-23T07:17:54+00:00\",\"dateModified\":\"2019-08-20T07:55:28+00:00\",\"description\":\"P\u00c1GINA DE QUIENES SOMOS DE C\u00c1RNICAS IGLESIAS. Nuestro personal es nuestro gran activo y la orientaci\u00f3n a la distribuci\u00f3n moderna y a los h\u00e1bitos de consumo cambiantes, nuestra se\u00f1a de identidad.\",\"breadcrumb\":{\"@id\":\"https:\/\/www.carnicasiglesias.com\/carnicas-iglesias\/#breadcrumb\"},\"inLanguage\":\"en-US\",\"potentialAction\":[{\"@type\":\"ReadAction\",\"target\":[\"https:\/\/www.carnicasiglesias.com\/carnicas-iglesias\/\"]}]},{\"@type\":\"BreadcrumbList\",\"@id\":\"https:\/\/www.carnicasiglesias.com\/carnicas-iglesias\/#breadcrumb\",\"itemListElement\":[{\"@type\":\"ListItem\",\"position\":1,\"name\":\"Portada\",\"item\":\"https:\/\/www.carnicasiglesias.com\/en\/\"},{\"@type\":\"ListItem\",\"position\":2,\"name\":\"C\u00e1rnicas Iglesias\"}]},{\"@type\":\"WebSite\",\"@id\":\"https:\/\/www.carnicasiglesias.com\/#website\",\"url\":\"https:\/\/www.carnicasiglesias.com\/\",\"name\":\"C\u00e1rnicas Iglesias\",\"description\":\"P\u00e1gina web de C\u00e1rnicas Iglesias\",\"potentialAction\":[{\"@type\":\"SearchAction\",\"target\":{\"@type\":\"EntryPoint\",\"urlTemplate\":\"https:\/\/www.carnicasiglesias.com\/?s={search_term_string}\"},\"query-input\":{\"@type\":\"PropertyValueSpecification\",\"valueRequired\":true,\"valueName\":\"search_term_string\"}}],\"inLanguage\":\"en-US\"}]}<\/script>\n<!-- \/ Yoast SEO plugin. -->","yoast_head_json":{"title":"C\u00e1rnicas Iglesias | C\u00e1rnicas Iglesias","description":"P\u00c1GINA DE QUIENES SOMOS DE C\u00c1RNICAS IGLESIAS. Nuestro personal es nuestro gran activo y la orientaci\u00f3n a la distribuci\u00f3n moderna y a los h\u00e1bitos de consumo cambiantes, nuestra se\u00f1a de identidad.","robots":{"index":"index","follow":"follow","max-snippet":"max-snippet:-1","max-image-preview":"max-image-preview:large","max-video-preview":"max-video-preview:-1"},"canonical":"https:\/\/www.carnicasiglesias.com\/carnicas-iglesias\/","og_locale":"en_US","og_type":"article","og_title":"C\u00e1rnicas Iglesias | C\u00e1rnicas Iglesias","og_description":"P\u00c1GINA DE QUIENES SOMOS DE C\u00c1RNICAS IGLESIAS. Nuestro personal es nuestro gran activo y la orientaci\u00f3n a la distribuci\u00f3n moderna y a los h\u00e1bitos de consumo cambiantes, nuestra se\u00f1a de identidad.","og_url":"https:\/\/www.carnicasiglesias.com\/carnicas-iglesias\/","og_site_name":"C\u00e1rnicas Iglesias","article_modified_time":"2019-08-20T07:55:28+00:00","twitter_card":"summary_large_image","schema":{"@context":"https:\/\/schema.org","@graph":[{"@type":"WebPage","@id":"https:\/\/www.carnicasiglesias.com\/carnicas-iglesias\/","url":"https:\/\/www.carnicasiglesias.com\/carnicas-iglesias\/","name":"C\u00e1rnicas Iglesias | C\u00e1rnicas Iglesias","isPartOf":{"@id":"https:\/\/www.carnicasiglesias.com\/#website"},"datePublished":"2017-06-23T07:17:54+00:00","dateModified":"2019-08-20T07:55:28+00:00","description":"P\u00c1GINA DE QUIENES SOMOS DE C\u00c1RNICAS IGLESIAS. Nuestro personal es nuestro gran activo y la orientaci\u00f3n a la distribuci\u00f3n moderna y a los h\u00e1bitos de consumo cambiantes, nuestra se\u00f1a de identidad.","breadcrumb":{"@id":"https:\/\/www.carnicasiglesias.com\/carnicas-iglesias\/#breadcrumb"},"inLanguage":"en-US","potentialAction":[{"@type":"ReadAction","target":["https:\/\/www.carnicasiglesias.com\/carnicas-iglesias\/"]}]},{"@type":"BreadcrumbList","@id":"https:\/\/www.carnicasiglesias.com\/carnicas-iglesias\/#breadcrumb","itemListElement":[{"@type":"ListItem","position":1,"name":"Portada","item":"https:\/\/www.carnicasiglesias.com\/en\/"},{"@type":"ListItem","position":2,"name":"C\u00e1rnicas Iglesias"}]},{"@type":"WebSite","@id":"https:\/\/www.carnicasiglesias.com\/#website","url":"https:\/\/www.carnicasiglesias.com\/","name":"C\u00e1rnicas Iglesias","description":"P\u00e1gina web de C\u00e1rnicas Iglesias","potentialAction":[{"@type":"SearchAction","target":{"@type":"EntryPoint","urlTemplate":"https:\/\/www.carnicasiglesias.com\/?s={search_term_string}"},"query-input":{"@type":"PropertyValueSpecification","valueRequired":true,"valueName":"search_term_string"}}],"inLanguage":"en-US"}]}},"_links":{"self":[{"href":"https:\/\/www.carnicasiglesias.com\/en\/wp-json\/wp\/v2\/pages\/915","targetHints":{"allow":["GET"]}}],"collection":[{"href":"https:\/\/www.carnicasiglesias.com\/en\/wp-json\/wp\/v2\/pages"}],"about":[{"href":"https:\/\/www.carnicasiglesias.com\/en\/wp-json\/wp\/v2\/types\/page"}],"author":[{"embeddable":true,"href":"https:\/\/www.carnicasiglesias.com\/en\/wp-json\/wp\/v2\/users\/1"}],"replies":[{"embeddable":true,"href":"https:\/\/www.carnicasiglesias.com\/en\/wp-json\/wp\/v2\/comments?post=915"}],"version-history":[{"count":3,"href":"https:\/\/www.carnicasiglesias.com\/en\/wp-json\/wp\/v2\/pages\/915\/revisions"}],"predecessor-version":[{"id":922,"href":"https:\/\/www.carnicasiglesias.com\/en\/wp-json\/wp\/v2\/pages\/915\/revisions\/922"}],"wp:attachment":[{"href":"https:\/\/www.carnicasiglesias.com\/en\/wp-json\/wp\/v2\/media?parent=915"}],"curies":[{"name":"wp","href":"https:\/\/api.w.org\/{rel}","templated":true}]}}