{"id":923,"date":"2017-06-23T09:18:25","date_gmt":"2017-06-23T07:18:25","guid":{"rendered":"https:\/\/www.carnicasiglesias.com\/productos\/"},"modified":"2019-08-20T09:57:14","modified_gmt":"2019-08-20T07:57:14","slug":"products","status":"publish","type":"page","link":"https:\/\/www.carnicasiglesias.com\/en\/products\/","title":{"rendered":"Products"},"content":{"rendered":"","protected":false},"excerpt":{"rendered":"","protected":false},"author":1,"featured_media":0,"parent":0,"menu_order":0,"comment_status":"closed","ping_status":"closed","template":"page-productos.php","meta":{"_acf_changed":false,"footnotes":""},"class_list":["post-923","page","type-page","status-publish","hentry"],"acf":[],"yoast_head":"<!-- This site is optimized with the Yoast SEO plugin v24.8.1 - https:\/\/yoast.com\/wordpress\/plugins\/seo\/ -->\n<title>Products | C\u00e1rnicas Iglesias<\/title>\n<meta name=\"description\" content=\"P\u00c1GINA DE PRODUCTOS DE C\u00c1RNICAS IGLESIAS. En el sitio web oficial de C\u00e1rnicas Iglesias podr\u00e1s encontrar informaci\u00f3n acerca de los productos de C\u00e1rnicas Iglesias, totalmente clasificados y ordenados.\" \/>\n<meta name=\"robots\" content=\"index, follow, max-snippet:-1, max-image-preview:large, max-video-preview:-1\" \/>\n<link rel=\"canonical\" href=\"https:\/\/www.carnicasiglesias.com\/en\/products\/\" \/>\n<meta property=\"og:locale\" content=\"en_US\" \/>\n<meta property=\"og:type\" content=\"article\" \/>\n<meta property=\"og:title\" content=\"Products | C\u00e1rnicas Iglesias\" \/>\n<meta property=\"og:description\" content=\"P\u00c1GINA DE PRODUCTOS DE C\u00c1RNICAS IGLESIAS. En el sitio web oficial de C\u00e1rnicas Iglesias podr\u00e1s encontrar informaci\u00f3n acerca de los productos de C\u00e1rnicas Iglesias, totalmente clasificados y ordenados.\" \/>\n<meta property=\"og:url\" content=\"https:\/\/www.carnicasiglesias.com\/en\/products\/\" \/>\n<meta property=\"og:site_name\" content=\"C\u00e1rnicas Iglesias\" \/>\n<meta property=\"article:modified_time\" content=\"2019-08-20T07:57:14+00:00\" \/>\n<meta name=\"twitter:card\" content=\"summary_large_image\" \/>\n<script type=\"application\/ld+json\" class=\"yoast-schema-graph\">{\"@context\":\"https:\/\/schema.org\",\"@graph\":[{\"@type\":\"WebPage\",\"@id\":\"https:\/\/www.carnicasiglesias.com\/en\/products\/\",\"url\":\"https:\/\/www.carnicasiglesias.com\/en\/products\/\",\"name\":\"Products | C\u00e1rnicas Iglesias\",\"isPartOf\":{\"@id\":\"https:\/\/www.carnicasiglesias.com\/#website\"},\"datePublished\":\"2017-06-23T07:18:25+00:00\",\"dateModified\":\"2019-08-20T07:57:14+00:00\",\"description\":\"P\u00c1GINA DE PRODUCTOS DE C\u00c1RNICAS IGLESIAS. En el sitio web oficial de C\u00e1rnicas Iglesias podr\u00e1s encontrar informaci\u00f3n acerca de los productos de C\u00e1rnicas Iglesias, totalmente clasificados y ordenados.\",\"breadcrumb\":{\"@id\":\"https:\/\/www.carnicasiglesias.com\/en\/products\/#breadcrumb\"},\"inLanguage\":\"en-US\",\"potentialAction\":[{\"@type\":\"ReadAction\",\"target\":[\"https:\/\/www.carnicasiglesias.com\/en\/products\/\"]}]},{\"@type\":\"BreadcrumbList\",\"@id\":\"https:\/\/www.carnicasiglesias.com\/en\/products\/#breadcrumb\",\"itemListElement\":[{\"@type\":\"ListItem\",\"position\":1,\"name\":\"Portada\",\"item\":\"https:\/\/www.carnicasiglesias.com\/en\/\"},{\"@type\":\"ListItem\",\"position\":2,\"name\":\"Products\"}]},{\"@type\":\"WebSite\",\"@id\":\"https:\/\/www.carnicasiglesias.com\/#website\",\"url\":\"https:\/\/www.carnicasiglesias.com\/\",\"name\":\"C\u00e1rnicas Iglesias\",\"description\":\"P\u00e1gina web de C\u00e1rnicas Iglesias\",\"potentialAction\":[{\"@type\":\"SearchAction\",\"target\":{\"@type\":\"EntryPoint\",\"urlTemplate\":\"https:\/\/www.carnicasiglesias.com\/?s={search_term_string}\"},\"query-input\":{\"@type\":\"PropertyValueSpecification\",\"valueRequired\":true,\"valueName\":\"search_term_string\"}}],\"inLanguage\":\"en-US\"}]}<\/script>\n<!-- \/ Yoast SEO plugin. -->","yoast_head_json":{"title":"Products | C\u00e1rnicas Iglesias","description":"P\u00c1GINA DE PRODUCTOS DE C\u00c1RNICAS IGLESIAS. En el sitio web oficial de C\u00e1rnicas Iglesias podr\u00e1s encontrar informaci\u00f3n acerca de los productos de C\u00e1rnicas Iglesias, totalmente clasificados y ordenados.","robots":{"index":"index","follow":"follow","max-snippet":"max-snippet:-1","max-image-preview":"max-image-preview:large","max-video-preview":"max-video-preview:-1"},"canonical":"https:\/\/www.carnicasiglesias.com\/en\/products\/","og_locale":"en_US","og_type":"article","og_title":"Products | C\u00e1rnicas Iglesias","og_description":"P\u00c1GINA DE PRODUCTOS DE C\u00c1RNICAS IGLESIAS. En el sitio web oficial de C\u00e1rnicas Iglesias podr\u00e1s encontrar informaci\u00f3n acerca de los productos de C\u00e1rnicas Iglesias, totalmente clasificados y ordenados.","og_url":"https:\/\/www.carnicasiglesias.com\/en\/products\/","og_site_name":"C\u00e1rnicas Iglesias","article_modified_time":"2019-08-20T07:57:14+00:00","twitter_card":"summary_large_image","schema":{"@context":"https:\/\/schema.org","@graph":[{"@type":"WebPage","@id":"https:\/\/www.carnicasiglesias.com\/en\/products\/","url":"https:\/\/www.carnicasiglesias.com\/en\/products\/","name":"Products | C\u00e1rnicas Iglesias","isPartOf":{"@id":"https:\/\/www.carnicasiglesias.com\/#website"},"datePublished":"2017-06-23T07:18:25+00:00","dateModified":"2019-08-20T07:57:14+00:00","description":"P\u00c1GINA DE PRODUCTOS DE C\u00c1RNICAS IGLESIAS. En el sitio web oficial de C\u00e1rnicas Iglesias podr\u00e1s encontrar informaci\u00f3n acerca de los productos de C\u00e1rnicas Iglesias, totalmente clasificados y ordenados.","breadcrumb":{"@id":"https:\/\/www.carnicasiglesias.com\/en\/products\/#breadcrumb"},"inLanguage":"en-US","potentialAction":[{"@type":"ReadAction","target":["https:\/\/www.carnicasiglesias.com\/en\/products\/"]}]},{"@type":"BreadcrumbList","@id":"https:\/\/www.carnicasiglesias.com\/en\/products\/#breadcrumb","itemListElement":[{"@type":"ListItem","position":1,"name":"Portada","item":"https:\/\/www.carnicasiglesias.com\/en\/"},{"@type":"ListItem","position":2,"name":"Products"}]},{"@type":"WebSite","@id":"https:\/\/www.carnicasiglesias.com\/#website","url":"https:\/\/www.carnicasiglesias.com\/","name":"C\u00e1rnicas Iglesias","description":"P\u00e1gina web de C\u00e1rnicas Iglesias","potentialAction":[{"@type":"SearchAction","target":{"@type":"EntryPoint","urlTemplate":"https:\/\/www.carnicasiglesias.com\/?s={search_term_string}"},"query-input":{"@type":"PropertyValueSpecification","valueRequired":true,"valueName":"search_term_string"}}],"inLanguage":"en-US"}]}},"_links":{"self":[{"href":"https:\/\/www.carnicasiglesias.com\/en\/wp-json\/wp\/v2\/pages\/923","targetHints":{"allow":["GET"]}}],"collection":[{"href":"https:\/\/www.carnicasiglesias.com\/en\/wp-json\/wp\/v2\/pages"}],"about":[{"href":"https:\/\/www.carnicasiglesias.com\/en\/wp-json\/wp\/v2\/types\/page"}],"author":[{"embeddable":true,"href":"https:\/\/www.carnicasiglesias.com\/en\/wp-json\/wp\/v2\/users\/1"}],"replies":[{"embeddable":true,"href":"https:\/\/www.carnicasiglesias.com\/en\/wp-json\/wp\/v2\/comments?post=923"}],"version-history":[{"count":2,"href":"https:\/\/www.carnicasiglesias.com\/en\/wp-json\/wp\/v2\/pages\/923\/revisions"}],"predecessor-version":[{"id":925,"href":"https:\/\/www.carnicasiglesias.com\/en\/wp-json\/wp\/v2\/pages\/923\/revisions\/925"}],"wp:attachment":[{"href":"https:\/\/www.carnicasiglesias.com\/en\/wp-json\/wp\/v2\/media?parent=923"}],"curies":[{"name":"wp","href":"https:\/\/api.w.org\/{rel}","templated":true}]}}