{"id":1026,"date":"2017-06-23T09:17:54","date_gmt":"2017-06-23T07:17:54","guid":{"rendered":"https:\/\/www.carnicasiglesias.com\/carnicas-iglesias\/"},"modified":"2019-08-20T12:31:17","modified_gmt":"2019-08-20T10:31:17","slug":"carnicas-iglesias","status":"publish","type":"page","link":"https:\/\/www.carnicasiglesias.com\/fr\/carnicas-iglesias\/","title":{"rendered":"C\u00e1rnicas Iglesias"},"content":{"rendered":"<p>Notre personnel est le meilleur actif. Notre caract\u00e9ristique principale est notre orientation \u00e0 la distribution moderne et habitudes de consommation changeants.<br \/>\nLes produits que nous fabriquons sont respectueux avec la soci\u00e9t\u00e9, l&rsquo;environnement et les concurrents.<\/p>\n<p>Nous appartenons \u00e0 Salamanque, Espagne, Europe et le monde. Depuis 1928 et de nombreuses ann\u00e9es plus.<\/p>\n<p>Nous sentons la force et enthousiasme pour donner le meilleur de nous-m\u00eames chaque jour. Nous regardons vers l&rsquo;avenir et nous n\u2019avons pas oubli\u00e9 d\u2019o\u00f9 nous venons. Nous sommes le pr\u00e9sent et nous sommes vivants.<\/p>\n<p><strong>As\u00ed da gusto<\/strong><\/p>\n<div class=\"video-carn btnCarn\"><a href=\"\/#slide2\">Regarder le vid\u00e9o<\/a><\/div>\n","protected":false},"excerpt":{"rendered":"<p>Notre personnel est le meilleur actif. Notre caract\u00e9ristique principale est notre orientation \u00e0 la distribution moderne et habitudes de consommation changeants. Les produits que nous fabriquons sont respectueux avec la soci\u00e9t\u00e9, l&rsquo;environnement et les concurrents. Nous appartenons \u00e0 Salamanque, Espagne, Europe et le monde. Depuis 1928 et de nombreuses ann\u00e9es plus. Nous sentons la force &hellip; <\/p>\n<p class=\"link-more\"><a href=\"https:\/\/www.carnicasiglesias.com\/fr\/carnicas-iglesias\/\" class=\"more-link\">Continue reading<span class=\"screen-reader-text\"> \u00ab\u00a0C\u00e1rnicas Iglesias\u00a0\u00bb<\/span><\/a><\/p>\n","protected":false},"author":1,"featured_media":1028,"parent":0,"menu_order":0,"comment_status":"closed","ping_status":"closed","template":"page-carnicas.php","meta":{"_acf_changed":false,"footnotes":""},"class_list":["post-1026","page","type-page","status-publish","has-post-thumbnail","hentry"],"acf":[],"yoast_head":"<!-- This site is optimized with the Yoast SEO plugin v24.8.1 - https:\/\/yoast.com\/wordpress\/plugins\/seo\/ -->\n<title>C\u00e1rnicas Iglesias | C\u00e1rnicas Iglesias<\/title>\n<meta name=\"description\" content=\"P\u00c1GINA DE QUIENES SOMOS DE C\u00c1RNICAS IGLESIAS. Nuestro personal es nuestro gran activo y la orientaci\u00f3n a la distribuci\u00f3n moderna y a los h\u00e1bitos de consumo cambiantes, nuestra se\u00f1a de identidad.\" \/>\n<meta name=\"robots\" content=\"index, follow, max-snippet:-1, max-image-preview:large, max-video-preview:-1\" \/>\n<link rel=\"canonical\" href=\"https:\/\/www.carnicasiglesias.com\/carnicas-iglesias\/\" \/>\n<meta property=\"og:locale\" content=\"fr_FR\" \/>\n<meta property=\"og:type\" content=\"article\" \/>\n<meta property=\"og:title\" content=\"C\u00e1rnicas Iglesias | C\u00e1rnicas Iglesias\" \/>\n<meta property=\"og:description\" content=\"P\u00c1GINA DE QUIENES SOMOS DE C\u00c1RNICAS IGLESIAS. Nuestro personal es nuestro gran activo y la orientaci\u00f3n a la distribuci\u00f3n moderna y a los h\u00e1bitos de consumo cambiantes, nuestra se\u00f1a de identidad.\" \/>\n<meta property=\"og:url\" content=\"https:\/\/www.carnicasiglesias.com\/carnicas-iglesias\/\" \/>\n<meta property=\"og:site_name\" content=\"C\u00e1rnicas Iglesias\" \/>\n<meta property=\"article:modified_time\" content=\"2019-08-20T10:31:17+00:00\" \/>\n<meta property=\"og:image\" content=\"https:\/\/www.carnicasiglesias.com\/wp-content\/uploads\/2018\/01\/banners.jpg\" \/>\n\t<meta property=\"og:image:width\" content=\"1600\" \/>\n\t<meta property=\"og:image:height\" content=\"897\" \/>\n\t<meta property=\"og:image:type\" content=\"image\/jpeg\" \/>\n<meta name=\"twitter:card\" content=\"summary_large_image\" \/>\n<script type=\"application\/ld+json\" class=\"yoast-schema-graph\">{\"@context\":\"https:\/\/schema.org\",\"@graph\":[{\"@type\":\"WebPage\",\"@id\":\"https:\/\/www.carnicasiglesias.com\/carnicas-iglesias\/\",\"url\":\"https:\/\/www.carnicasiglesias.com\/carnicas-iglesias\/\",\"name\":\"C\u00e1rnicas Iglesias | C\u00e1rnicas Iglesias\",\"isPartOf\":{\"@id\":\"https:\/\/www.carnicasiglesias.com\/#website\"},\"primaryImageOfPage\":{\"@id\":\"https:\/\/www.carnicasiglesias.com\/carnicas-iglesias\/#primaryimage\"},\"image\":{\"@id\":\"https:\/\/www.carnicasiglesias.com\/carnicas-iglesias\/#primaryimage\"},\"thumbnailUrl\":\"https:\/\/www.carnicasiglesias.com\/wp-content\/uploads\/2018\/01\/banners.jpg\",\"datePublished\":\"2017-06-23T07:17:54+00:00\",\"dateModified\":\"2019-08-20T10:31:17+00:00\",\"description\":\"P\u00c1GINA DE QUIENES SOMOS DE C\u00c1RNICAS IGLESIAS. Nuestro personal es nuestro gran activo y la orientaci\u00f3n a la distribuci\u00f3n moderna y a los h\u00e1bitos de consumo cambiantes, nuestra se\u00f1a de identidad.\",\"breadcrumb\":{\"@id\":\"https:\/\/www.carnicasiglesias.com\/carnicas-iglesias\/#breadcrumb\"},\"inLanguage\":\"fr-FR\",\"potentialAction\":[{\"@type\":\"ReadAction\",\"target\":[\"https:\/\/www.carnicasiglesias.com\/carnicas-iglesias\/\"]}]},{\"@type\":\"ImageObject\",\"inLanguage\":\"fr-FR\",\"@id\":\"https:\/\/www.carnicasiglesias.com\/carnicas-iglesias\/#primaryimage\",\"url\":\"https:\/\/www.carnicasiglesias.com\/wp-content\/uploads\/2018\/01\/banners.jpg\",\"contentUrl\":\"https:\/\/www.carnicasiglesias.com\/wp-content\/uploads\/2018\/01\/banners.jpg\",\"width\":1600,\"height\":897},{\"@type\":\"BreadcrumbList\",\"@id\":\"https:\/\/www.carnicasiglesias.com\/carnicas-iglesias\/#breadcrumb\",\"itemListElement\":[{\"@type\":\"ListItem\",\"position\":1,\"name\":\"Portada\",\"item\":\"https:\/\/www.carnicasiglesias.com\/fr\/\"},{\"@type\":\"ListItem\",\"position\":2,\"name\":\"C\u00e1rnicas Iglesias\"}]},{\"@type\":\"WebSite\",\"@id\":\"https:\/\/www.carnicasiglesias.com\/#website\",\"url\":\"https:\/\/www.carnicasiglesias.com\/\",\"name\":\"C\u00e1rnicas Iglesias\",\"description\":\"P\u00e1gina web de C\u00e1rnicas Iglesias\",\"potentialAction\":[{\"@type\":\"SearchAction\",\"target\":{\"@type\":\"EntryPoint\",\"urlTemplate\":\"https:\/\/www.carnicasiglesias.com\/?s={search_term_string}\"},\"query-input\":{\"@type\":\"PropertyValueSpecification\",\"valueRequired\":true,\"valueName\":\"search_term_string\"}}],\"inLanguage\":\"fr-FR\"}]}<\/script>\n<!-- \/ Yoast SEO plugin. -->","yoast_head_json":{"title":"C\u00e1rnicas Iglesias | C\u00e1rnicas Iglesias","description":"P\u00c1GINA DE QUIENES SOMOS DE C\u00c1RNICAS IGLESIAS. Nuestro personal es nuestro gran activo y la orientaci\u00f3n a la distribuci\u00f3n moderna y a los h\u00e1bitos de consumo cambiantes, nuestra se\u00f1a de identidad.","robots":{"index":"index","follow":"follow","max-snippet":"max-snippet:-1","max-image-preview":"max-image-preview:large","max-video-preview":"max-video-preview:-1"},"canonical":"https:\/\/www.carnicasiglesias.com\/carnicas-iglesias\/","og_locale":"fr_FR","og_type":"article","og_title":"C\u00e1rnicas Iglesias | C\u00e1rnicas Iglesias","og_description":"P\u00c1GINA DE QUIENES SOMOS DE C\u00c1RNICAS IGLESIAS. Nuestro personal es nuestro gran activo y la orientaci\u00f3n a la distribuci\u00f3n moderna y a los h\u00e1bitos de consumo cambiantes, nuestra se\u00f1a de identidad.","og_url":"https:\/\/www.carnicasiglesias.com\/carnicas-iglesias\/","og_site_name":"C\u00e1rnicas Iglesias","article_modified_time":"2019-08-20T10:31:17+00:00","og_image":[{"width":1600,"height":897,"url":"https:\/\/www.carnicasiglesias.com\/wp-content\/uploads\/2018\/01\/banners.jpg","type":"image\/jpeg"}],"twitter_card":"summary_large_image","schema":{"@context":"https:\/\/schema.org","@graph":[{"@type":"WebPage","@id":"https:\/\/www.carnicasiglesias.com\/carnicas-iglesias\/","url":"https:\/\/www.carnicasiglesias.com\/carnicas-iglesias\/","name":"C\u00e1rnicas Iglesias | C\u00e1rnicas Iglesias","isPartOf":{"@id":"https:\/\/www.carnicasiglesias.com\/#website"},"primaryImageOfPage":{"@id":"https:\/\/www.carnicasiglesias.com\/carnicas-iglesias\/#primaryimage"},"image":{"@id":"https:\/\/www.carnicasiglesias.com\/carnicas-iglesias\/#primaryimage"},"thumbnailUrl":"https:\/\/www.carnicasiglesias.com\/wp-content\/uploads\/2018\/01\/banners.jpg","datePublished":"2017-06-23T07:17:54+00:00","dateModified":"2019-08-20T10:31:17+00:00","description":"P\u00c1GINA DE QUIENES SOMOS DE C\u00c1RNICAS IGLESIAS. Nuestro personal es nuestro gran activo y la orientaci\u00f3n a la distribuci\u00f3n moderna y a los h\u00e1bitos de consumo cambiantes, nuestra se\u00f1a de identidad.","breadcrumb":{"@id":"https:\/\/www.carnicasiglesias.com\/carnicas-iglesias\/#breadcrumb"},"inLanguage":"fr-FR","potentialAction":[{"@type":"ReadAction","target":["https:\/\/www.carnicasiglesias.com\/carnicas-iglesias\/"]}]},{"@type":"ImageObject","inLanguage":"fr-FR","@id":"https:\/\/www.carnicasiglesias.com\/carnicas-iglesias\/#primaryimage","url":"https:\/\/www.carnicasiglesias.com\/wp-content\/uploads\/2018\/01\/banners.jpg","contentUrl":"https:\/\/www.carnicasiglesias.com\/wp-content\/uploads\/2018\/01\/banners.jpg","width":1600,"height":897},{"@type":"BreadcrumbList","@id":"https:\/\/www.carnicasiglesias.com\/carnicas-iglesias\/#breadcrumb","itemListElement":[{"@type":"ListItem","position":1,"name":"Portada","item":"https:\/\/www.carnicasiglesias.com\/fr\/"},{"@type":"ListItem","position":2,"name":"C\u00e1rnicas Iglesias"}]},{"@type":"WebSite","@id":"https:\/\/www.carnicasiglesias.com\/#website","url":"https:\/\/www.carnicasiglesias.com\/","name":"C\u00e1rnicas Iglesias","description":"P\u00e1gina web de C\u00e1rnicas Iglesias","potentialAction":[{"@type":"SearchAction","target":{"@type":"EntryPoint","urlTemplate":"https:\/\/www.carnicasiglesias.com\/?s={search_term_string}"},"query-input":{"@type":"PropertyValueSpecification","valueRequired":true,"valueName":"search_term_string"}}],"inLanguage":"fr-FR"}]}},"_links":{"self":[{"href":"https:\/\/www.carnicasiglesias.com\/fr\/wp-json\/wp\/v2\/pages\/1026","targetHints":{"allow":["GET"]}}],"collection":[{"href":"https:\/\/www.carnicasiglesias.com\/fr\/wp-json\/wp\/v2\/pages"}],"about":[{"href":"https:\/\/www.carnicasiglesias.com\/fr\/wp-json\/wp\/v2\/types\/page"}],"author":[{"embeddable":true,"href":"https:\/\/www.carnicasiglesias.com\/fr\/wp-json\/wp\/v2\/users\/1"}],"replies":[{"embeddable":true,"href":"https:\/\/www.carnicasiglesias.com\/fr\/wp-json\/wp\/v2\/comments?post=1026"}],"version-history":[{"count":5,"href":"https:\/\/www.carnicasiglesias.com\/fr\/wp-json\/wp\/v2\/pages\/1026\/revisions"}],"predecessor-version":[{"id":1035,"href":"https:\/\/www.carnicasiglesias.com\/fr\/wp-json\/wp\/v2\/pages\/1026\/revisions\/1035"}],"wp:featuredmedia":[{"embeddable":true,"href":"https:\/\/www.carnicasiglesias.com\/fr\/wp-json\/wp\/v2\/media\/1028"}],"wp:attachment":[{"href":"https:\/\/www.carnicasiglesias.com\/fr\/wp-json\/wp\/v2\/media?parent=1026"}],"curies":[{"name":"wp","href":"https:\/\/api.w.org\/{rel}","templated":true}]}}