{"id":1071,"date":"2017-06-28T10:10:22","date_gmt":"2017-06-28T08:10:22","guid":{"rendered":"https:\/\/www.carnicasiglesias.com\/aviso-legal\/"},"modified":"2019-08-29T11:57:50","modified_gmt":"2019-08-29T09:57:50","slug":"informations-legales","status":"publish","type":"page","link":"https:\/\/www.carnicasiglesias.com\/fr\/informations-legales\/","title":{"rendered":"Informations l\u00e9gales"},"content":{"rendered":"<div class=\"aviso_legal_titulo\"><\/div>\n<div class=\"aviso_legal_texto\"><strong>INFORMATIONS L\u00c9GALES<\/strong><\/p>\n<p>Ces informations l\u00e9gales r\u00e9glementent l\u2019utilisation de ce site www.carnicasiglesias.com, d\u00e9sormais \u00ab\u00a0le site web\u00a0\u00bb de <strong>Industrias Carnicas Iglesias S.A. &#8211; A37056025.<\/strong><br \/>\nAvda Padres Pa\u00fales n\u00ba9, Ctra. Madrid, CP 37900, Santa Marta de Tormes (Salamanca)<br \/>\nTel. 923215908<\/p>\n<p><strong>Enregistr\u00e9 en le registre du commerce de Salamanca, tome g\u00e9n\u00e9ral 121, livre 65, section troisi\u00e8me, feuille 104, page 1227, inscription premi\u00e8re.<\/strong><\/p>\n<p><strong>L\u00c9GISLATION<\/strong><\/p>\n<p>G\u00e9n\u00e9ralement, les relations entre Industrias Carnicas Iglesias et leur utilisateur web sont soumises \u00e0 la l\u00e9gislation et juridiction espagnoles.<\/p>\n<p><strong>UTILISATION ET ACCES D\u2019UTILISATEURS<\/strong><\/p>\n<p>Les utilisateurs web sont inform\u00e9s et acceptent que l\u2019acc\u00e8s \u00e0 ce site n&rsquo;entra\u00eene pas le commencement d\u2019une relation commerciale avec Industrias Carnicas Iglesias ou des autres d\u00e9l\u00e9gations.<\/p>\n<p><strong>PROPRIETE INTELLECTUELLE ET INDUSTRIELLE<\/strong><\/p>\n<p>Les droits de propri\u00e9t\u00e9 intellectuelle de le contenu de ce site, leur dessin graphique et les codes sont propri\u00e9t\u00e9 de Industrias C\u00e1rnicas Iglesias S.A. et, par cons\u00e9quent, il est interdit leur reproduction, communication publique, transformation ou de toute autre activit\u00e9 r\u00e9alis\u00e9e \u00e0 travers de l\u2019utilisation de contenu de ce site, y compris citation de sources sauf l\u2019existence de consentement \u00e9crit par Industrias Carnicas Iglesias.<\/p>\n<p><strong>CONTENU WEB ET LIENS<\/strong><\/p>\n<p>Industrias Carnicas Iglesias S.A. se r\u00e9serve le droit d\u2019actualiser, modifier ou \u00e9liminer l\u2019information publi\u00e9 sur ce site, y compris la restriction de l\u2019acc\u00e8s \u00e0 utilisateurs d\u00e9termin\u00e9s.<\/p>\n<p>Industrias Carnicas Iglesias S.A. n&rsquo;est pas responsable de l\u2019information publi\u00e9e dans autres sites web ou liens \u00e0 Industrias Carnicas Iglesias d\u2019autres sites. Les liens du site web sont purement informatif.<\/p><\/div>\n","protected":false},"excerpt":{"rendered":"<p>INFORMATIONS L\u00c9GALES Ces informations l\u00e9gales r\u00e9glementent l\u2019utilisation de ce site www.carnicasiglesias.com, d\u00e9sormais \u00ab\u00a0le site web\u00a0\u00bb de Industrias Carnicas Iglesias S.A. &#8211; A37056025. Avda Padres Pa\u00fales n\u00ba9, Ctra. Madrid, CP 37900, Santa Marta de Tormes (Salamanca) Tel. 923215908 Enregistr\u00e9 en le registre du commerce de Salamanca, tome g\u00e9n\u00e9ral 121, livre 65, section troisi\u00e8me, feuille 104, page &hellip; <\/p>\n<p class=\"link-more\"><a href=\"https:\/\/www.carnicasiglesias.com\/fr\/informations-legales\/\" class=\"more-link\">Continue reading<span class=\"screen-reader-text\"> \u00ab\u00a0Informations l\u00e9gales\u00a0\u00bb<\/span><\/a><\/p>\n","protected":false},"author":1,"featured_media":956,"parent":0,"menu_order":0,"comment_status":"closed","ping_status":"closed","template":"page-aviso.php","meta":{"_acf_changed":false,"footnotes":""},"class_list":["post-1071","page","type-page","status-publish","has-post-thumbnail","hentry"],"acf":[],"yoast_head":"<!-- This site is optimized with the Yoast SEO plugin v24.8.1 - https:\/\/yoast.com\/wordpress\/plugins\/seo\/ -->\n<title>Informations l\u00e9gales | C\u00e1rnicas Iglesias<\/title>\n<meta name=\"description\" content=\"P\u00c1GINA DE AVISO LEGAL El presente aviso legal regula el uso del sitio web (en adelante, el &quot;Sitio Web&quot;) de Industrias C\u00e1rnicas Iglesias S.A.\u2013 A37056025 Avda Padres Pa\u00fales n\u00ba9, Ctra. Madrid, CP 37900, Santa Marta de Tormes (Salamanca) Tlf. 923215908.\" \/>\n<meta name=\"robots\" content=\"index, follow, max-snippet:-1, max-image-preview:large, max-video-preview:-1\" \/>\n<link rel=\"canonical\" href=\"https:\/\/www.carnicasiglesias.com\/aviso-legal\/\" \/>\n<meta property=\"og:locale\" content=\"fr_FR\" \/>\n<meta property=\"og:type\" content=\"article\" \/>\n<meta property=\"og:title\" content=\"Informations l\u00e9gales | C\u00e1rnicas Iglesias\" \/>\n<meta property=\"og:description\" content=\"P\u00c1GINA DE AVISO LEGAL El presente aviso legal regula el uso del sitio web (en adelante, el &quot;Sitio Web&quot;) de Industrias C\u00e1rnicas Iglesias S.A.\u2013 A37056025 Avda Padres Pa\u00fales n\u00ba9, Ctra. Madrid, CP 37900, Santa Marta de Tormes (Salamanca) Tlf. 923215908.\" \/>\n<meta property=\"og:url\" content=\"https:\/\/www.carnicasiglesias.com\/aviso-legal\/\" \/>\n<meta property=\"og:site_name\" content=\"C\u00e1rnicas Iglesias\" \/>\n<meta property=\"article:modified_time\" content=\"2019-08-29T09:57:50+00:00\" \/>\n<meta property=\"og:image\" content=\"https:\/\/www.carnicasiglesias.com\/wp-content\/uploads\/2017\/08\/slide1-principal.png\" \/>\n\t<meta property=\"og:image:width\" content=\"1600\" \/>\n\t<meta property=\"og:image:height\" content=\"975\" \/>\n\t<meta property=\"og:image:type\" content=\"image\/png\" \/>\n<meta name=\"twitter:card\" content=\"summary_large_image\" \/>\n<meta name=\"twitter:label1\" content=\"Dur\u00e9e de lecture estim\u00e9e\" \/>\n\t<meta name=\"twitter:data1\" content=\"1 minute\" \/>\n<script type=\"application\/ld+json\" class=\"yoast-schema-graph\">{\"@context\":\"https:\/\/schema.org\",\"@graph\":[{\"@type\":\"WebPage\",\"@id\":\"https:\/\/www.carnicasiglesias.com\/aviso-legal\/\",\"url\":\"https:\/\/www.carnicasiglesias.com\/aviso-legal\/\",\"name\":\"Informations l\u00e9gales | C\u00e1rnicas Iglesias\",\"isPartOf\":{\"@id\":\"https:\/\/www.carnicasiglesias.com\/#website\"},\"primaryImageOfPage\":{\"@id\":\"https:\/\/www.carnicasiglesias.com\/aviso-legal\/#primaryimage\"},\"image\":{\"@id\":\"https:\/\/www.carnicasiglesias.com\/aviso-legal\/#primaryimage\"},\"thumbnailUrl\":\"https:\/\/www.carnicasiglesias.com\/wp-content\/uploads\/2017\/08\/slide1-principal.png\",\"datePublished\":\"2017-06-28T08:10:22+00:00\",\"dateModified\":\"2019-08-29T09:57:50+00:00\",\"description\":\"P\u00c1GINA DE AVISO LEGAL El presente aviso legal regula el uso del sitio web (en adelante, el \\\"Sitio Web\\\") de Industrias C\u00e1rnicas Iglesias S.A.\u2013 A37056025 Avda Padres Pa\u00fales n\u00ba9, Ctra. Madrid, CP 37900, Santa Marta de Tormes (Salamanca) Tlf. 923215908.\",\"breadcrumb\":{\"@id\":\"https:\/\/www.carnicasiglesias.com\/aviso-legal\/#breadcrumb\"},\"inLanguage\":\"fr-FR\",\"potentialAction\":[{\"@type\":\"ReadAction\",\"target\":[\"https:\/\/www.carnicasiglesias.com\/aviso-legal\/\"]}]},{\"@type\":\"ImageObject\",\"inLanguage\":\"fr-FR\",\"@id\":\"https:\/\/www.carnicasiglesias.com\/aviso-legal\/#primaryimage\",\"url\":\"https:\/\/www.carnicasiglesias.com\/wp-content\/uploads\/2017\/08\/slide1-principal.png\",\"contentUrl\":\"https:\/\/www.carnicasiglesias.com\/wp-content\/uploads\/2017\/08\/slide1-principal.png\",\"width\":1600,\"height\":975},{\"@type\":\"BreadcrumbList\",\"@id\":\"https:\/\/www.carnicasiglesias.com\/aviso-legal\/#breadcrumb\",\"itemListElement\":[{\"@type\":\"ListItem\",\"position\":1,\"name\":\"Portada\",\"item\":\"https:\/\/www.carnicasiglesias.com\/fr\/\"},{\"@type\":\"ListItem\",\"position\":2,\"name\":\"Informations l\u00e9gales\"}]},{\"@type\":\"WebSite\",\"@id\":\"https:\/\/www.carnicasiglesias.com\/#website\",\"url\":\"https:\/\/www.carnicasiglesias.com\/\",\"name\":\"C\u00e1rnicas Iglesias\",\"description\":\"P\u00e1gina web de C\u00e1rnicas Iglesias\",\"potentialAction\":[{\"@type\":\"SearchAction\",\"target\":{\"@type\":\"EntryPoint\",\"urlTemplate\":\"https:\/\/www.carnicasiglesias.com\/?s={search_term_string}\"},\"query-input\":{\"@type\":\"PropertyValueSpecification\",\"valueRequired\":true,\"valueName\":\"search_term_string\"}}],\"inLanguage\":\"fr-FR\"}]}<\/script>\n<!-- \/ Yoast SEO plugin. -->","yoast_head_json":{"title":"Informations l\u00e9gales | C\u00e1rnicas Iglesias","description":"P\u00c1GINA DE AVISO LEGAL El presente aviso legal regula el uso del sitio web (en adelante, el \"Sitio Web\") de Industrias C\u00e1rnicas Iglesias S.A.\u2013 A37056025 Avda Padres Pa\u00fales n\u00ba9, Ctra. Madrid, CP 37900, Santa Marta de Tormes (Salamanca) Tlf. 923215908.","robots":{"index":"index","follow":"follow","max-snippet":"max-snippet:-1","max-image-preview":"max-image-preview:large","max-video-preview":"max-video-preview:-1"},"canonical":"https:\/\/www.carnicasiglesias.com\/aviso-legal\/","og_locale":"fr_FR","og_type":"article","og_title":"Informations l\u00e9gales | C\u00e1rnicas Iglesias","og_description":"P\u00c1GINA DE AVISO LEGAL El presente aviso legal regula el uso del sitio web (en adelante, el \"Sitio Web\") de Industrias C\u00e1rnicas Iglesias S.A.\u2013 A37056025 Avda Padres Pa\u00fales n\u00ba9, Ctra. Madrid, CP 37900, Santa Marta de Tormes (Salamanca) Tlf. 923215908.","og_url":"https:\/\/www.carnicasiglesias.com\/aviso-legal\/","og_site_name":"C\u00e1rnicas Iglesias","article_modified_time":"2019-08-29T09:57:50+00:00","og_image":[{"width":1600,"height":975,"url":"https:\/\/www.carnicasiglesias.com\/wp-content\/uploads\/2017\/08\/slide1-principal.png","type":"image\/png"}],"twitter_card":"summary_large_image","twitter_misc":{"Dur\u00e9e de lecture estim\u00e9e":"1 minute"},"schema":{"@context":"https:\/\/schema.org","@graph":[{"@type":"WebPage","@id":"https:\/\/www.carnicasiglesias.com\/aviso-legal\/","url":"https:\/\/www.carnicasiglesias.com\/aviso-legal\/","name":"Informations l\u00e9gales | C\u00e1rnicas Iglesias","isPartOf":{"@id":"https:\/\/www.carnicasiglesias.com\/#website"},"primaryImageOfPage":{"@id":"https:\/\/www.carnicasiglesias.com\/aviso-legal\/#primaryimage"},"image":{"@id":"https:\/\/www.carnicasiglesias.com\/aviso-legal\/#primaryimage"},"thumbnailUrl":"https:\/\/www.carnicasiglesias.com\/wp-content\/uploads\/2017\/08\/slide1-principal.png","datePublished":"2017-06-28T08:10:22+00:00","dateModified":"2019-08-29T09:57:50+00:00","description":"P\u00c1GINA DE AVISO LEGAL El presente aviso legal regula el uso del sitio web (en adelante, el \"Sitio Web\") de Industrias C\u00e1rnicas Iglesias S.A.\u2013 A37056025 Avda Padres Pa\u00fales n\u00ba9, Ctra. Madrid, CP 37900, Santa Marta de Tormes (Salamanca) Tlf. 923215908.","breadcrumb":{"@id":"https:\/\/www.carnicasiglesias.com\/aviso-legal\/#breadcrumb"},"inLanguage":"fr-FR","potentialAction":[{"@type":"ReadAction","target":["https:\/\/www.carnicasiglesias.com\/aviso-legal\/"]}]},{"@type":"ImageObject","inLanguage":"fr-FR","@id":"https:\/\/www.carnicasiglesias.com\/aviso-legal\/#primaryimage","url":"https:\/\/www.carnicasiglesias.com\/wp-content\/uploads\/2017\/08\/slide1-principal.png","contentUrl":"https:\/\/www.carnicasiglesias.com\/wp-content\/uploads\/2017\/08\/slide1-principal.png","width":1600,"height":975},{"@type":"BreadcrumbList","@id":"https:\/\/www.carnicasiglesias.com\/aviso-legal\/#breadcrumb","itemListElement":[{"@type":"ListItem","position":1,"name":"Portada","item":"https:\/\/www.carnicasiglesias.com\/fr\/"},{"@type":"ListItem","position":2,"name":"Informations l\u00e9gales"}]},{"@type":"WebSite","@id":"https:\/\/www.carnicasiglesias.com\/#website","url":"https:\/\/www.carnicasiglesias.com\/","name":"C\u00e1rnicas Iglesias","description":"P\u00e1gina web de C\u00e1rnicas Iglesias","potentialAction":[{"@type":"SearchAction","target":{"@type":"EntryPoint","urlTemplate":"https:\/\/www.carnicasiglesias.com\/?s={search_term_string}"},"query-input":{"@type":"PropertyValueSpecification","valueRequired":true,"valueName":"search_term_string"}}],"inLanguage":"fr-FR"}]}},"_links":{"self":[{"href":"https:\/\/www.carnicasiglesias.com\/fr\/wp-json\/wp\/v2\/pages\/1071","targetHints":{"allow":["GET"]}}],"collection":[{"href":"https:\/\/www.carnicasiglesias.com\/fr\/wp-json\/wp\/v2\/pages"}],"about":[{"href":"https:\/\/www.carnicasiglesias.com\/fr\/wp-json\/wp\/v2\/types\/page"}],"author":[{"embeddable":true,"href":"https:\/\/www.carnicasiglesias.com\/fr\/wp-json\/wp\/v2\/users\/1"}],"replies":[{"embeddable":true,"href":"https:\/\/www.carnicasiglesias.com\/fr\/wp-json\/wp\/v2\/comments?post=1071"}],"version-history":[{"count":3,"href":"https:\/\/www.carnicasiglesias.com\/fr\/wp-json\/wp\/v2\/pages\/1071\/revisions"}],"predecessor-version":[{"id":1074,"href":"https:\/\/www.carnicasiglesias.com\/fr\/wp-json\/wp\/v2\/pages\/1071\/revisions\/1074"}],"wp:featuredmedia":[{"embeddable":true,"href":"https:\/\/www.carnicasiglesias.com\/fr\/wp-json\/wp\/v2\/media\/956"}],"wp:attachment":[{"href":"https:\/\/www.carnicasiglesias.com\/fr\/wp-json\/wp\/v2\/media?parent=1071"}],"curies":[{"name":"wp","href":"https:\/\/api.w.org\/{rel}","templated":true}]}}