{"id":1075,"date":"2017-06-28T11:14:29","date_gmt":"2017-06-28T09:14:29","guid":{"rendered":"https:\/\/www.carnicasiglesias.com\/politica-de-cookies\/"},"modified":"2019-08-29T12:45:32","modified_gmt":"2019-08-29T10:45:32","slug":"politique-de-cookies","status":"publish","type":"page","link":"https:\/\/www.carnicasiglesias.com\/fr\/politique-de-cookies\/","title":{"rendered":"Politique de cookies"},"content":{"rendered":"<p>Conform\u00e9ment \u00e0 l&rsquo;article 22.2 de la Loi 34\/2002, des Services de la Soci\u00e9t\u00e9 de l&rsquo;information, nous informons les utilisateurs de notre site Web de notre politique en mati\u00e8re d&rsquo;utilisation de Cookies.<\/p>\n<p><strong>Qu&#39;est-ce qu&#39;un cookie?<\/strong><\/p>\n<p>Les cookies sont des petits fichiers qui s\u2019installent dans l\u2019ordinateur de l\u2019usager quand celui-ci acc\u00e8de \u00e0 une page web. Entre autres choses, les cookies permettent de stocker et de r\u00e9cup\u00e9rer des informations sur les habitudes de navigation d\u2019un usager ou de son \u00e9quipement, et selon l\u2019information qu\u2019elles contiennent et la mani\u00e8re dont il utilise son \u00e9quipement, selon le type de cookie et l\u2019information qu\u2019elles collectent, on pourra les utiliser pour reconna\u00eetre l\u2019usager.<\/p>\n<p><strong>Types de cookies<\/strong><\/p>\n<p>Nous utilisons un type de cookie dont les finalit\u00e9s sont d\u00e9crites ci-apr\u00e8s:<\/p>\n<p><strong>Les cookies analytiques:<\/strong> Il s\u2019agit de cookies qui nous permettent de conna\u00eetre l\u2019utilisation et les performances de notre site, d\u2019\u00e9tablir des statistiques, des volumes de fr\u00e9quentation et d\u2019utilisation des divers \u00e9l\u00e9ments de notre site (contenus visit\u00e9s, parcours) nous permettant d\u2019am\u00e9liorer l\u2019int\u00e9r\u00eat et l\u2019ergonomie de nos services (les pages ou les rubriques les plus souvent consult\u00e9es, les articles les plus lus, etc.).<\/p>\n<p><strong>Les cookies techniques:<\/strong> Ces cookies permettent les utilisateurs pour naviguer dans le zone restreinte et l\u2019utilisation des fonctions diff\u00e9rentes, par exemple, les proc\u00e9dures d&#39;achat des produits.<\/p>\n<p><strong>Cookies de personnalisation:<\/strong> Ces cookies permettent les utilisateurs acc\u00e9der au service avec quelques caract\u00e9ristiques g\u00e9n\u00e9rales en fonction des r\u00e9quisits, par exemple, langue, navigateur employ\u00e9 ou param\u00e8tres r\u00e9gionaux.<\/p>\n<p><strong>Cookies de publicit\u00e9s:<\/strong> Ces cookies permettent traiter effectivement l\u2019offre de publicit\u00e9s dans notre site web et adapter le contenu aux utilisateurs. On peut analyser vos habitudes de navigation pour vous montrer publicit\u00e9s correspondant \u00e0 votre profil de navigation.<\/p>\n<p><strong>Cookies de publicit\u00e9 comportementale:<\/strong> Ces cookies permettent traiter les espaces publicitaires compris dans notre site web. Ces cookies stockent donn\u00e9es comportementales, obtenus sur notre site web pour cr\u00e9er un profil sp\u00e9cifique de navigation.<\/p>\n<p><strong>D\u00e9sactiver les cookies.<\/strong><\/p>\n<p>En param\u00e9trant votre <strong>navigateur vous pouvez \u00e0 tout moment et gratuitement<\/strong>, d\u00e9cider d\u2019activer ou non les cookies sur votre ordinateur.<\/p>\n<p>La majorit\u00e9 des navigateurs offrent la possibilit\u00e9 de permettre, bloquer ou effacer les cookies install\u00e9s dans ton ordinateur.<\/p>\n<p>Pour d\u00e9sactiver les cookies sur votre navigateur, nous vous invitons \u00e0 consulter les pages suivantes:<\/p>\n<p><a href=\"https:\/\/support.google.com\/chrome\/answer\/95647?hl=es\" target=\"_blank\" rel=\"noopener\"><strong>Set up cookies on Google Chrome<\/strong><\/a><\/p>\n<p><a href=\"https:\/\/support.microsoft.com\/es-es\/products\/windows?os=windows-7\" target=\"_blank\" rel=\"noopener\"><strong>Set up cookies on Internet Explorer<\/strong><\/a><\/p>\n<p><a href=\"https:\/\/support.mozilla.org\/es\/kb\/habilitar-y-deshabilitar-cookies-sitios-web-rastrear-preferencias?redirectlocale=es&amp;redirectslug=habilitar-y-deshabilitar-cookies-que-los-sitios-we\" target=\"_blank\" rel=\"noopener\"><strong>Set up cookies on Mozilla Firefox<\/strong><\/a><\/p>\n<p><a href=\"https:\/\/support.apple.com\/es-es\/HT201265\" target=\"_blank\" rel=\"noopener\"><strong>Set up cookies on Safari (Apple)<\/strong><\/a><\/p>\n<p><strong>Cookies de tiers.<\/strong><\/p>\n<p>Certains cookies sont plac\u00e9s par les services tiers qui apparaissent sur nos pages: par exemple DoubleClick cookies. Ces cookies sont utilis\u00e9s pour am\u00e9liorer les publicit\u00e9s dans notre site web. Ils sont utilis\u00e9s pour guider les publicit\u00e9s conform\u00e9ment \u00e0 le contenu important pour les utilisateurs, plus d\u2019am\u00e9liorer l\u2019exp\u00e9rience des utilisateurs.<\/p>\n<p>En particulier, nous utilisons les services de Google Adsense et Google Analytitcs pour nos statistiques et publicit\u00e9s. Certaines cookies sont essentiels por l\u2019op\u00e9ration de le site, par exemple, le moteur de recherche ajout\u00e9.<\/p>\n<p>Notre site web comprend autres fonctionnalit\u00e9s donn\u00e9es par tiers. On peut facilement partager contenu dans les r\u00e9seaux sociaux, par exemple, Facebook, Twitter, Google+, \u00e0 travers de les boutons compris dans le site.<\/p>\n<p><strong>Avertissement sur la suppression des cookies.<\/strong><\/p>\n<p>On peut supprimer et bloquer tous les cookies de notre site, mais une part du site ou la qualit\u00e9 du site pourrait mal fonctionner.<\/p>\n<p>Si vous avez des doutes sur notre politique des cookies, vous pouvez contacter ce site web \u00e0 travers de nos canaux de communication.<\/p>\n","protected":false},"excerpt":{"rendered":"<p>Conform\u00e9ment \u00e0 l&rsquo;article 22.2 de la Loi 34\/2002, des Services de la Soci\u00e9t\u00e9 de l&rsquo;information, nous informons les utilisateurs de notre site Web de notre politique en mati\u00e8re d&rsquo;utilisation de Cookies. Qu&#39;est-ce qu&#39;un cookie? Les cookies sont des petits fichiers qui s\u2019installent dans l\u2019ordinateur de l\u2019usager quand celui-ci acc\u00e8de \u00e0 une page web. Entre autres &hellip; <\/p>\n<p class=\"link-more\"><a href=\"https:\/\/www.carnicasiglesias.com\/fr\/politique-de-cookies\/\" class=\"more-link\">Continue reading<span class=\"screen-reader-text\"> \u00ab\u00a0Politique de cookies\u00a0\u00bb<\/span><\/a><\/p>\n","protected":false},"author":1,"featured_media":956,"parent":0,"menu_order":0,"comment_status":"closed","ping_status":"closed","template":"page-politicas.php","meta":{"_acf_changed":false,"footnotes":""},"class_list":["post-1075","page","type-page","status-publish","has-post-thumbnail","hentry"],"acf":[],"yoast_head":"<!-- This site is optimized with the Yoast SEO plugin v24.8.1 - https:\/\/yoast.com\/wordpress\/plugins\/seo\/ -->\n<title>Politique de cookies | C\u00e1rnicas Iglesias<\/title>\n<meta name=\"description\" content=\"P\u00c1GINA DE COOKIES DE C\u00c1RNICAS IGLESIAS. En cumplimiento con lo dispuesto en el art\u00edculo 22.2 de la Ley 34\/2002, de 11 de julio, de Servicios de la Sociedad de la Informaci\u00f3n y de Comercio Electr\u00f3nico, esta p\u00e1gina web le informa, en esta secci\u00f3n, sobre la pol\u00edtica de recogida y tratamiento de cookies.\" \/>\n<meta name=\"robots\" content=\"index, follow, max-snippet:-1, max-image-preview:large, max-video-preview:-1\" \/>\n<link rel=\"canonical\" href=\"https:\/\/www.carnicasiglesias.com\/politica-de-cookies\/\" \/>\n<meta property=\"og:locale\" content=\"fr_FR\" \/>\n<meta property=\"og:type\" content=\"article\" \/>\n<meta property=\"og:title\" content=\"Politique de cookies | C\u00e1rnicas Iglesias\" \/>\n<meta property=\"og:description\" content=\"P\u00c1GINA DE COOKIES DE C\u00c1RNICAS IGLESIAS. En cumplimiento con lo dispuesto en el art\u00edculo 22.2 de la Ley 34\/2002, de 11 de julio, de Servicios de la Sociedad de la Informaci\u00f3n y de Comercio Electr\u00f3nico, esta p\u00e1gina web le informa, en esta secci\u00f3n, sobre la pol\u00edtica de recogida y tratamiento de cookies.\" \/>\n<meta property=\"og:url\" content=\"https:\/\/www.carnicasiglesias.com\/politica-de-cookies\/\" \/>\n<meta property=\"og:site_name\" content=\"C\u00e1rnicas Iglesias\" \/>\n<meta property=\"article:modified_time\" content=\"2019-08-29T10:45:32+00:00\" \/>\n<meta property=\"og:image\" content=\"https:\/\/www.carnicasiglesias.com\/wp-content\/uploads\/2017\/08\/slide1-principal.png\" \/>\n\t<meta property=\"og:image:width\" content=\"1600\" \/>\n\t<meta property=\"og:image:height\" content=\"975\" \/>\n\t<meta property=\"og:image:type\" content=\"image\/png\" \/>\n<meta name=\"twitter:card\" content=\"summary_large_image\" \/>\n<meta name=\"twitter:label1\" content=\"Dur\u00e9e de lecture estim\u00e9e\" \/>\n\t<meta name=\"twitter:data1\" content=\"3 minutes\" \/>\n<script type=\"application\/ld+json\" class=\"yoast-schema-graph\">{\"@context\":\"https:\/\/schema.org\",\"@graph\":[{\"@type\":\"WebPage\",\"@id\":\"https:\/\/www.carnicasiglesias.com\/politica-de-cookies\/\",\"url\":\"https:\/\/www.carnicasiglesias.com\/politica-de-cookies\/\",\"name\":\"Politique de cookies | C\u00e1rnicas Iglesias\",\"isPartOf\":{\"@id\":\"https:\/\/www.carnicasiglesias.com\/#website\"},\"primaryImageOfPage\":{\"@id\":\"https:\/\/www.carnicasiglesias.com\/politica-de-cookies\/#primaryimage\"},\"image\":{\"@id\":\"https:\/\/www.carnicasiglesias.com\/politica-de-cookies\/#primaryimage\"},\"thumbnailUrl\":\"https:\/\/www.carnicasiglesias.com\/wp-content\/uploads\/2017\/08\/slide1-principal.png\",\"datePublished\":\"2017-06-28T09:14:29+00:00\",\"dateModified\":\"2019-08-29T10:45:32+00:00\",\"description\":\"P\u00c1GINA DE COOKIES DE C\u00c1RNICAS IGLESIAS. En cumplimiento con lo dispuesto en el art\u00edculo 22.2 de la Ley 34\/2002, de 11 de julio, de Servicios de la Sociedad de la Informaci\u00f3n y de Comercio Electr\u00f3nico, esta p\u00e1gina web le informa, en esta secci\u00f3n, sobre la pol\u00edtica de recogida y tratamiento de cookies.\",\"breadcrumb\":{\"@id\":\"https:\/\/www.carnicasiglesias.com\/politica-de-cookies\/#breadcrumb\"},\"inLanguage\":\"fr-FR\",\"potentialAction\":[{\"@type\":\"ReadAction\",\"target\":[\"https:\/\/www.carnicasiglesias.com\/politica-de-cookies\/\"]}]},{\"@type\":\"ImageObject\",\"inLanguage\":\"fr-FR\",\"@id\":\"https:\/\/www.carnicasiglesias.com\/politica-de-cookies\/#primaryimage\",\"url\":\"https:\/\/www.carnicasiglesias.com\/wp-content\/uploads\/2017\/08\/slide1-principal.png\",\"contentUrl\":\"https:\/\/www.carnicasiglesias.com\/wp-content\/uploads\/2017\/08\/slide1-principal.png\",\"width\":1600,\"height\":975},{\"@type\":\"BreadcrumbList\",\"@id\":\"https:\/\/www.carnicasiglesias.com\/politica-de-cookies\/#breadcrumb\",\"itemListElement\":[{\"@type\":\"ListItem\",\"position\":1,\"name\":\"Portada\",\"item\":\"https:\/\/www.carnicasiglesias.com\/fr\/\"},{\"@type\":\"ListItem\",\"position\":2,\"name\":\"Politique de cookies\"}]},{\"@type\":\"WebSite\",\"@id\":\"https:\/\/www.carnicasiglesias.com\/#website\",\"url\":\"https:\/\/www.carnicasiglesias.com\/\",\"name\":\"C\u00e1rnicas Iglesias\",\"description\":\"P\u00e1gina web de C\u00e1rnicas Iglesias\",\"potentialAction\":[{\"@type\":\"SearchAction\",\"target\":{\"@type\":\"EntryPoint\",\"urlTemplate\":\"https:\/\/www.carnicasiglesias.com\/?s={search_term_string}\"},\"query-input\":{\"@type\":\"PropertyValueSpecification\",\"valueRequired\":true,\"valueName\":\"search_term_string\"}}],\"inLanguage\":\"fr-FR\"}]}<\/script>\n<!-- \/ Yoast SEO plugin. -->","yoast_head_json":{"title":"Politique de cookies | C\u00e1rnicas Iglesias","description":"P\u00c1GINA DE COOKIES DE C\u00c1RNICAS IGLESIAS. En cumplimiento con lo dispuesto en el art\u00edculo 22.2 de la Ley 34\/2002, de 11 de julio, de Servicios de la Sociedad de la Informaci\u00f3n y de Comercio Electr\u00f3nico, esta p\u00e1gina web le informa, en esta secci\u00f3n, sobre la pol\u00edtica de recogida y tratamiento de cookies.","robots":{"index":"index","follow":"follow","max-snippet":"max-snippet:-1","max-image-preview":"max-image-preview:large","max-video-preview":"max-video-preview:-1"},"canonical":"https:\/\/www.carnicasiglesias.com\/politica-de-cookies\/","og_locale":"fr_FR","og_type":"article","og_title":"Politique de cookies | C\u00e1rnicas Iglesias","og_description":"P\u00c1GINA DE COOKIES DE C\u00c1RNICAS IGLESIAS. En cumplimiento con lo dispuesto en el art\u00edculo 22.2 de la Ley 34\/2002, de 11 de julio, de Servicios de la Sociedad de la Informaci\u00f3n y de Comercio Electr\u00f3nico, esta p\u00e1gina web le informa, en esta secci\u00f3n, sobre la pol\u00edtica de recogida y tratamiento de cookies.","og_url":"https:\/\/www.carnicasiglesias.com\/politica-de-cookies\/","og_site_name":"C\u00e1rnicas Iglesias","article_modified_time":"2019-08-29T10:45:32+00:00","og_image":[{"width":1600,"height":975,"url":"https:\/\/www.carnicasiglesias.com\/wp-content\/uploads\/2017\/08\/slide1-principal.png","type":"image\/png"}],"twitter_card":"summary_large_image","twitter_misc":{"Dur\u00e9e de lecture estim\u00e9e":"3 minutes"},"schema":{"@context":"https:\/\/schema.org","@graph":[{"@type":"WebPage","@id":"https:\/\/www.carnicasiglesias.com\/politica-de-cookies\/","url":"https:\/\/www.carnicasiglesias.com\/politica-de-cookies\/","name":"Politique de cookies | C\u00e1rnicas Iglesias","isPartOf":{"@id":"https:\/\/www.carnicasiglesias.com\/#website"},"primaryImageOfPage":{"@id":"https:\/\/www.carnicasiglesias.com\/politica-de-cookies\/#primaryimage"},"image":{"@id":"https:\/\/www.carnicasiglesias.com\/politica-de-cookies\/#primaryimage"},"thumbnailUrl":"https:\/\/www.carnicasiglesias.com\/wp-content\/uploads\/2017\/08\/slide1-principal.png","datePublished":"2017-06-28T09:14:29+00:00","dateModified":"2019-08-29T10:45:32+00:00","description":"P\u00c1GINA DE COOKIES DE C\u00c1RNICAS IGLESIAS. En cumplimiento con lo dispuesto en el art\u00edculo 22.2 de la Ley 34\/2002, de 11 de julio, de Servicios de la Sociedad de la Informaci\u00f3n y de Comercio Electr\u00f3nico, esta p\u00e1gina web le informa, en esta secci\u00f3n, sobre la pol\u00edtica de recogida y tratamiento de cookies.","breadcrumb":{"@id":"https:\/\/www.carnicasiglesias.com\/politica-de-cookies\/#breadcrumb"},"inLanguage":"fr-FR","potentialAction":[{"@type":"ReadAction","target":["https:\/\/www.carnicasiglesias.com\/politica-de-cookies\/"]}]},{"@type":"ImageObject","inLanguage":"fr-FR","@id":"https:\/\/www.carnicasiglesias.com\/politica-de-cookies\/#primaryimage","url":"https:\/\/www.carnicasiglesias.com\/wp-content\/uploads\/2017\/08\/slide1-principal.png","contentUrl":"https:\/\/www.carnicasiglesias.com\/wp-content\/uploads\/2017\/08\/slide1-principal.png","width":1600,"height":975},{"@type":"BreadcrumbList","@id":"https:\/\/www.carnicasiglesias.com\/politica-de-cookies\/#breadcrumb","itemListElement":[{"@type":"ListItem","position":1,"name":"Portada","item":"https:\/\/www.carnicasiglesias.com\/fr\/"},{"@type":"ListItem","position":2,"name":"Politique de cookies"}]},{"@type":"WebSite","@id":"https:\/\/www.carnicasiglesias.com\/#website","url":"https:\/\/www.carnicasiglesias.com\/","name":"C\u00e1rnicas Iglesias","description":"P\u00e1gina web de C\u00e1rnicas Iglesias","potentialAction":[{"@type":"SearchAction","target":{"@type":"EntryPoint","urlTemplate":"https:\/\/www.carnicasiglesias.com\/?s={search_term_string}"},"query-input":{"@type":"PropertyValueSpecification","valueRequired":true,"valueName":"search_term_string"}}],"inLanguage":"fr-FR"}]}},"_links":{"self":[{"href":"https:\/\/www.carnicasiglesias.com\/fr\/wp-json\/wp\/v2\/pages\/1075","targetHints":{"allow":["GET"]}}],"collection":[{"href":"https:\/\/www.carnicasiglesias.com\/fr\/wp-json\/wp\/v2\/pages"}],"about":[{"href":"https:\/\/www.carnicasiglesias.com\/fr\/wp-json\/wp\/v2\/types\/page"}],"author":[{"embeddable":true,"href":"https:\/\/www.carnicasiglesias.com\/fr\/wp-json\/wp\/v2\/users\/1"}],"replies":[{"embeddable":true,"href":"https:\/\/www.carnicasiglesias.com\/fr\/wp-json\/wp\/v2\/comments?post=1075"}],"version-history":[{"count":2,"href":"https:\/\/www.carnicasiglesias.com\/fr\/wp-json\/wp\/v2\/pages\/1075\/revisions"}],"predecessor-version":[{"id":1077,"href":"https:\/\/www.carnicasiglesias.com\/fr\/wp-json\/wp\/v2\/pages\/1075\/revisions\/1077"}],"wp:featuredmedia":[{"embeddable":true,"href":"https:\/\/www.carnicasiglesias.com\/fr\/wp-json\/wp\/v2\/media\/956"}],"wp:attachment":[{"href":"https:\/\/www.carnicasiglesias.com\/fr\/wp-json\/wp\/v2\/media?parent=1075"}],"curies":[{"name":"wp","href":"https:\/\/api.w.org\/{rel}","templated":true}]}}