{"id":1078,"date":"2017-06-28T10:10:40","date_gmt":"2017-06-28T08:10:40","guid":{"rendered":"https:\/\/www.carnicasiglesias.com\/salud-y-calidad\/"},"modified":"2019-08-29T12:51:04","modified_gmt":"2019-08-29T10:51:04","slug":"la-sante-et-le-sport","status":"publish","type":"page","link":"https:\/\/www.carnicasiglesias.com\/fr\/la-sante-et-le-sport\/","title":{"rendered":"La Sant\u00e9 et le Sport"},"content":{"rendered":"<p>En Iglesias nous sommes centr\u00e9s sur la jeunesse et le sport. Un engagement qui a perdur\u00e9 depuis les ans 30 quand l\u2019\u00e9quipe de football Paco Iglesias a \u00e9t\u00e9 \u00e9tabli.<\/p>\n<p>Actuellement, Iglesias est fier de faire partie d\u2019une grande famille ; l\u2019\u00e9quipe de football de Santa Marta. Iglesias soutient les comp\u00e9titions de joueurs de football de beaucoup cat\u00e9gories. Ils repr\u00e9sentent tout que nous souhaitons pour nos filles.<\/p>\n<p>L\u2019effort, travail d&#39;\u00e9quipe, camaraderie, sacrifice, responsabilit\u00e9\u2026 sont valeurs qu\u2019enrichissent l\u2019\u00eatre humain. En l\u2019\u00e9quipe de football de Santa Marta, ces valeurs sont encourag\u00e9es chaque jour, \u00e0 travers des jeunes qui sont form\u00e9s dans la vie et les sports et qui vivent et aiment le sport intensivement.<\/p>\n<p>\u00c0 part de football, nous soutenons \u00e9v\u00e9nements de sports diff\u00e9rents, par exemple, championnats de basket-ball, marathon, v\u00e9lo\u2026<\/p>\n","protected":false},"excerpt":{"rendered":"<p>En Iglesias nous sommes centr\u00e9s sur la jeunesse et le sport. Un engagement qui a perdur\u00e9 depuis les ans 30 quand l\u2019\u00e9quipe de football Paco Iglesias a \u00e9t\u00e9 \u00e9tabli. Actuellement, Iglesias est fier de faire partie d\u2019une grande famille ; l\u2019\u00e9quipe de football de Santa Marta. Iglesias soutient les comp\u00e9titions de joueurs de football de &hellip; <\/p>\n<p class=\"link-more\"><a href=\"https:\/\/www.carnicasiglesias.com\/fr\/la-sante-et-le-sport\/\" class=\"more-link\">Continue reading<span class=\"screen-reader-text\"> \u00ab\u00a0La Sant\u00e9 et le Sport\u00a0\u00bb<\/span><\/a><\/p>\n","protected":false},"author":1,"featured_media":962,"parent":0,"menu_order":0,"comment_status":"closed","ping_status":"closed","template":"page-salud.php","meta":{"_acf_changed":false,"footnotes":""},"class_list":["post-1078","page","type-page","status-publish","has-post-thumbnail","hentry"],"acf":[],"yoast_head":"<!-- This site is optimized with the Yoast SEO plugin v24.8.1 - https:\/\/yoast.com\/wordpress\/plugins\/seo\/ -->\n<title>La Sant\u00e9 et le Sport | C\u00e1rnicas Iglesias<\/title>\n<meta name=\"description\" content=\"P\u00c1GINA SALUD Y CALIDAD. En Iglesias apostamos por la juventud y el deporte. Un compromiso que se ha mantenido desde que ya en los a\u00f1os 30, se fundara el equipo de f\u00fatbol. Iglesias se enorgullece de formar parte de una gran familia; la Uni\u00f3n Deportiva Santa Marta, apoyando al club en diferentes torneos deportivos.\" \/>\n<meta name=\"robots\" content=\"index, follow, max-snippet:-1, max-image-preview:large, max-video-preview:-1\" \/>\n<link rel=\"canonical\" href=\"https:\/\/www.carnicasiglesias.com\/fr\/la-sante-et-le-sport\/\" \/>\n<meta property=\"og:locale\" content=\"fr_FR\" \/>\n<meta property=\"og:type\" content=\"article\" \/>\n<meta property=\"og:title\" content=\"La Sant\u00e9 et le Sport | C\u00e1rnicas Iglesias\" \/>\n<meta property=\"og:description\" content=\"P\u00c1GINA SALUD Y CALIDAD. En Iglesias apostamos por la juventud y el deporte. Un compromiso que se ha mantenido desde que ya en los a\u00f1os 30, se fundara el equipo de f\u00fatbol. Iglesias se enorgullece de formar parte de una gran familia; la Uni\u00f3n Deportiva Santa Marta, apoyando al club en diferentes torneos deportivos.\" \/>\n<meta property=\"og:url\" content=\"https:\/\/www.carnicasiglesias.com\/fr\/la-sante-et-le-sport\/\" \/>\n<meta property=\"og:site_name\" content=\"C\u00e1rnicas Iglesias\" \/>\n<meta property=\"article:modified_time\" content=\"2019-08-29T10:51:04+00:00\" \/>\n<meta property=\"og:image\" content=\"https:\/\/www.carnicasiglesias.com\/wp-content\/uploads\/2017\/06\/slide1.png\" \/>\n\t<meta property=\"og:image:width\" content=\"1600\" \/>\n\t<meta property=\"og:image:height\" content=\"797\" \/>\n\t<meta property=\"og:image:type\" content=\"image\/png\" \/>\n<meta name=\"twitter:card\" content=\"summary_large_image\" \/>\n<meta name=\"twitter:label1\" content=\"Dur\u00e9e de lecture estim\u00e9e\" \/>\n\t<meta name=\"twitter:data1\" content=\"1 minute\" \/>\n<script type=\"application\/ld+json\" class=\"yoast-schema-graph\">{\"@context\":\"https:\/\/schema.org\",\"@graph\":[{\"@type\":\"WebPage\",\"@id\":\"https:\/\/www.carnicasiglesias.com\/fr\/la-sante-et-le-sport\/\",\"url\":\"https:\/\/www.carnicasiglesias.com\/fr\/la-sante-et-le-sport\/\",\"name\":\"La Sant\u00e9 et le Sport | C\u00e1rnicas Iglesias\",\"isPartOf\":{\"@id\":\"https:\/\/www.carnicasiglesias.com\/#website\"},\"primaryImageOfPage\":{\"@id\":\"https:\/\/www.carnicasiglesias.com\/fr\/la-sante-et-le-sport\/#primaryimage\"},\"image\":{\"@id\":\"https:\/\/www.carnicasiglesias.com\/fr\/la-sante-et-le-sport\/#primaryimage\"},\"thumbnailUrl\":\"https:\/\/www.carnicasiglesias.com\/wp-content\/uploads\/2017\/06\/slide1.png\",\"datePublished\":\"2017-06-28T08:10:40+00:00\",\"dateModified\":\"2019-08-29T10:51:04+00:00\",\"description\":\"P\u00c1GINA SALUD Y CALIDAD. En Iglesias apostamos por la juventud y el deporte. Un compromiso que se ha mantenido desde que ya en los a\u00f1os 30, se fundara el equipo de f\u00fatbol. Iglesias se enorgullece de formar parte de una gran familia; la Uni\u00f3n Deportiva Santa Marta, apoyando al club en diferentes torneos deportivos.\",\"breadcrumb\":{\"@id\":\"https:\/\/www.carnicasiglesias.com\/fr\/la-sante-et-le-sport\/#breadcrumb\"},\"inLanguage\":\"fr-FR\",\"potentialAction\":[{\"@type\":\"ReadAction\",\"target\":[\"https:\/\/www.carnicasiglesias.com\/fr\/la-sante-et-le-sport\/\"]}]},{\"@type\":\"ImageObject\",\"inLanguage\":\"fr-FR\",\"@id\":\"https:\/\/www.carnicasiglesias.com\/fr\/la-sante-et-le-sport\/#primaryimage\",\"url\":\"https:\/\/www.carnicasiglesias.com\/wp-content\/uploads\/2017\/06\/slide1.png\",\"contentUrl\":\"https:\/\/www.carnicasiglesias.com\/wp-content\/uploads\/2017\/06\/slide1.png\",\"width\":1600,\"height\":797},{\"@type\":\"BreadcrumbList\",\"@id\":\"https:\/\/www.carnicasiglesias.com\/fr\/la-sante-et-le-sport\/#breadcrumb\",\"itemListElement\":[{\"@type\":\"ListItem\",\"position\":1,\"name\":\"Portada\",\"item\":\"https:\/\/www.carnicasiglesias.com\/fr\/\"},{\"@type\":\"ListItem\",\"position\":2,\"name\":\"La Sant\u00e9 et le Sport\"}]},{\"@type\":\"WebSite\",\"@id\":\"https:\/\/www.carnicasiglesias.com\/#website\",\"url\":\"https:\/\/www.carnicasiglesias.com\/\",\"name\":\"C\u00e1rnicas Iglesias\",\"description\":\"P\u00e1gina web de C\u00e1rnicas Iglesias\",\"potentialAction\":[{\"@type\":\"SearchAction\",\"target\":{\"@type\":\"EntryPoint\",\"urlTemplate\":\"https:\/\/www.carnicasiglesias.com\/?s={search_term_string}\"},\"query-input\":{\"@type\":\"PropertyValueSpecification\",\"valueRequired\":true,\"valueName\":\"search_term_string\"}}],\"inLanguage\":\"fr-FR\"}]}<\/script>\n<!-- \/ Yoast SEO plugin. -->","yoast_head_json":{"title":"La Sant\u00e9 et le Sport | C\u00e1rnicas Iglesias","description":"P\u00c1GINA SALUD Y CALIDAD. En Iglesias apostamos por la juventud y el deporte. Un compromiso que se ha mantenido desde que ya en los a\u00f1os 30, se fundara el equipo de f\u00fatbol. Iglesias se enorgullece de formar parte de una gran familia; la Uni\u00f3n Deportiva Santa Marta, apoyando al club en diferentes torneos deportivos.","robots":{"index":"index","follow":"follow","max-snippet":"max-snippet:-1","max-image-preview":"max-image-preview:large","max-video-preview":"max-video-preview:-1"},"canonical":"https:\/\/www.carnicasiglesias.com\/fr\/la-sante-et-le-sport\/","og_locale":"fr_FR","og_type":"article","og_title":"La Sant\u00e9 et le Sport | C\u00e1rnicas Iglesias","og_description":"P\u00c1GINA SALUD Y CALIDAD. En Iglesias apostamos por la juventud y el deporte. Un compromiso que se ha mantenido desde que ya en los a\u00f1os 30, se fundara el equipo de f\u00fatbol. Iglesias se enorgullece de formar parte de una gran familia; la Uni\u00f3n Deportiva Santa Marta, apoyando al club en diferentes torneos deportivos.","og_url":"https:\/\/www.carnicasiglesias.com\/fr\/la-sante-et-le-sport\/","og_site_name":"C\u00e1rnicas Iglesias","article_modified_time":"2019-08-29T10:51:04+00:00","og_image":[{"width":1600,"height":797,"url":"https:\/\/www.carnicasiglesias.com\/wp-content\/uploads\/2017\/06\/slide1.png","type":"image\/png"}],"twitter_card":"summary_large_image","twitter_misc":{"Dur\u00e9e de lecture estim\u00e9e":"1 minute"},"schema":{"@context":"https:\/\/schema.org","@graph":[{"@type":"WebPage","@id":"https:\/\/www.carnicasiglesias.com\/fr\/la-sante-et-le-sport\/","url":"https:\/\/www.carnicasiglesias.com\/fr\/la-sante-et-le-sport\/","name":"La Sant\u00e9 et le Sport | C\u00e1rnicas Iglesias","isPartOf":{"@id":"https:\/\/www.carnicasiglesias.com\/#website"},"primaryImageOfPage":{"@id":"https:\/\/www.carnicasiglesias.com\/fr\/la-sante-et-le-sport\/#primaryimage"},"image":{"@id":"https:\/\/www.carnicasiglesias.com\/fr\/la-sante-et-le-sport\/#primaryimage"},"thumbnailUrl":"https:\/\/www.carnicasiglesias.com\/wp-content\/uploads\/2017\/06\/slide1.png","datePublished":"2017-06-28T08:10:40+00:00","dateModified":"2019-08-29T10:51:04+00:00","description":"P\u00c1GINA SALUD Y CALIDAD. En Iglesias apostamos por la juventud y el deporte. Un compromiso que se ha mantenido desde que ya en los a\u00f1os 30, se fundara el equipo de f\u00fatbol. Iglesias se enorgullece de formar parte de una gran familia; la Uni\u00f3n Deportiva Santa Marta, apoyando al club en diferentes torneos deportivos.","breadcrumb":{"@id":"https:\/\/www.carnicasiglesias.com\/fr\/la-sante-et-le-sport\/#breadcrumb"},"inLanguage":"fr-FR","potentialAction":[{"@type":"ReadAction","target":["https:\/\/www.carnicasiglesias.com\/fr\/la-sante-et-le-sport\/"]}]},{"@type":"ImageObject","inLanguage":"fr-FR","@id":"https:\/\/www.carnicasiglesias.com\/fr\/la-sante-et-le-sport\/#primaryimage","url":"https:\/\/www.carnicasiglesias.com\/wp-content\/uploads\/2017\/06\/slide1.png","contentUrl":"https:\/\/www.carnicasiglesias.com\/wp-content\/uploads\/2017\/06\/slide1.png","width":1600,"height":797},{"@type":"BreadcrumbList","@id":"https:\/\/www.carnicasiglesias.com\/fr\/la-sante-et-le-sport\/#breadcrumb","itemListElement":[{"@type":"ListItem","position":1,"name":"Portada","item":"https:\/\/www.carnicasiglesias.com\/fr\/"},{"@type":"ListItem","position":2,"name":"La Sant\u00e9 et le Sport"}]},{"@type":"WebSite","@id":"https:\/\/www.carnicasiglesias.com\/#website","url":"https:\/\/www.carnicasiglesias.com\/","name":"C\u00e1rnicas Iglesias","description":"P\u00e1gina web de C\u00e1rnicas Iglesias","potentialAction":[{"@type":"SearchAction","target":{"@type":"EntryPoint","urlTemplate":"https:\/\/www.carnicasiglesias.com\/?s={search_term_string}"},"query-input":{"@type":"PropertyValueSpecification","valueRequired":true,"valueName":"search_term_string"}}],"inLanguage":"fr-FR"}]}},"_links":{"self":[{"href":"https:\/\/www.carnicasiglesias.com\/fr\/wp-json\/wp\/v2\/pages\/1078","targetHints":{"allow":["GET"]}}],"collection":[{"href":"https:\/\/www.carnicasiglesias.com\/fr\/wp-json\/wp\/v2\/pages"}],"about":[{"href":"https:\/\/www.carnicasiglesias.com\/fr\/wp-json\/wp\/v2\/types\/page"}],"author":[{"embeddable":true,"href":"https:\/\/www.carnicasiglesias.com\/fr\/wp-json\/wp\/v2\/users\/1"}],"replies":[{"embeddable":true,"href":"https:\/\/www.carnicasiglesias.com\/fr\/wp-json\/wp\/v2\/comments?post=1078"}],"version-history":[{"count":2,"href":"https:\/\/www.carnicasiglesias.com\/fr\/wp-json\/wp\/v2\/pages\/1078\/revisions"}],"predecessor-version":[{"id":1080,"href":"https:\/\/www.carnicasiglesias.com\/fr\/wp-json\/wp\/v2\/pages\/1078\/revisions\/1080"}],"wp:featuredmedia":[{"embeddable":true,"href":"https:\/\/www.carnicasiglesias.com\/fr\/wp-json\/wp\/v2\/media\/962"}],"wp:attachment":[{"href":"https:\/\/www.carnicasiglesias.com\/fr\/wp-json\/wp\/v2\/media?parent=1078"}],"curies":[{"name":"wp","href":"https:\/\/api.w.org\/{rel}","templated":true}]}}