{"id":955,"date":"2017-06-23T09:19:10","date_gmt":"2017-06-23T07:19:10","guid":{"rendered":"https:\/\/www.carnicasiglesias.com\/contacto\/"},"modified":"2019-08-20T11:39:47","modified_gmt":"2019-08-20T09:39:47","slug":"contact","status":"publish","type":"page","link":"https:\/\/www.carnicasiglesias.com\/fr\/contact\/","title":{"rendered":"Contact"},"content":{"rendered":"","protected":false},"excerpt":{"rendered":"","protected":false},"author":1,"featured_media":956,"parent":0,"menu_order":0,"comment_status":"closed","ping_status":"closed","template":"page-localizacion.php","meta":{"_acf_changed":false,"footnotes":""},"class_list":["post-955","page","type-page","status-publish","has-post-thumbnail","hentry"],"acf":[],"yoast_head":"<!-- This site is optimized with the Yoast SEO plugin v24.8.1 - https:\/\/yoast.com\/wordpress\/plugins\/seo\/ -->\n<title>Contact | C\u00e1rnicas Iglesias<\/title>\n<meta name=\"description\" content=\"P\u00c1GINA DE CONTACTO DE C\u00c1RNICAS IGLESIAS. En el sitio web oficial de C\u00e1rnicas Iglesias podr\u00e1s encontrar informaci\u00f3n acerca de Contacto y podr\u00e1s rellenar un formulario para contactar con nosotros.\" \/>\n<meta name=\"robots\" content=\"index, follow, max-snippet:-1, max-image-preview:large, max-video-preview:-1\" \/>\n<link rel=\"canonical\" href=\"https:\/\/www.carnicasiglesias.com\/fr\/contact\/\" \/>\n<meta property=\"og:locale\" content=\"fr_FR\" \/>\n<meta property=\"og:type\" content=\"article\" \/>\n<meta property=\"og:title\" content=\"Contact | C\u00e1rnicas Iglesias\" \/>\n<meta property=\"og:description\" content=\"P\u00c1GINA DE CONTACTO DE C\u00c1RNICAS IGLESIAS. En el sitio web oficial de C\u00e1rnicas Iglesias podr\u00e1s encontrar informaci\u00f3n acerca de Contacto y podr\u00e1s rellenar un formulario para contactar con nosotros.\" \/>\n<meta property=\"og:url\" content=\"https:\/\/www.carnicasiglesias.com\/fr\/contact\/\" \/>\n<meta property=\"og:site_name\" content=\"C\u00e1rnicas Iglesias\" \/>\n<meta property=\"article:modified_time\" content=\"2019-08-20T09:39:47+00:00\" \/>\n<meta property=\"og:image\" content=\"https:\/\/www.carnicasiglesias.com\/wp-content\/uploads\/2017\/08\/slide1-principal.png\" \/>\n\t<meta property=\"og:image:width\" content=\"1600\" \/>\n\t<meta property=\"og:image:height\" content=\"975\" \/>\n\t<meta property=\"og:image:type\" content=\"image\/png\" \/>\n<meta name=\"twitter:card\" content=\"summary_large_image\" \/>\n<script type=\"application\/ld+json\" class=\"yoast-schema-graph\">{\"@context\":\"https:\/\/schema.org\",\"@graph\":[{\"@type\":\"WebPage\",\"@id\":\"https:\/\/www.carnicasiglesias.com\/fr\/contact\/\",\"url\":\"https:\/\/www.carnicasiglesias.com\/fr\/contact\/\",\"name\":\"Contact | C\u00e1rnicas Iglesias\",\"isPartOf\":{\"@id\":\"https:\/\/www.carnicasiglesias.com\/#website\"},\"primaryImageOfPage\":{\"@id\":\"https:\/\/www.carnicasiglesias.com\/fr\/contact\/#primaryimage\"},\"image\":{\"@id\":\"https:\/\/www.carnicasiglesias.com\/fr\/contact\/#primaryimage\"},\"thumbnailUrl\":\"https:\/\/www.carnicasiglesias.com\/wp-content\/uploads\/2017\/08\/slide1-principal.png\",\"datePublished\":\"2017-06-23T07:19:10+00:00\",\"dateModified\":\"2019-08-20T09:39:47+00:00\",\"description\":\"P\u00c1GINA DE CONTACTO DE C\u00c1RNICAS IGLESIAS. En el sitio web oficial de C\u00e1rnicas Iglesias podr\u00e1s encontrar informaci\u00f3n acerca de Contacto y podr\u00e1s rellenar un formulario para contactar con nosotros.\",\"breadcrumb\":{\"@id\":\"https:\/\/www.carnicasiglesias.com\/fr\/contact\/#breadcrumb\"},\"inLanguage\":\"fr-FR\",\"potentialAction\":[{\"@type\":\"ReadAction\",\"target\":[\"https:\/\/www.carnicasiglesias.com\/fr\/contact\/\"]}]},{\"@type\":\"ImageObject\",\"inLanguage\":\"fr-FR\",\"@id\":\"https:\/\/www.carnicasiglesias.com\/fr\/contact\/#primaryimage\",\"url\":\"https:\/\/www.carnicasiglesias.com\/wp-content\/uploads\/2017\/08\/slide1-principal.png\",\"contentUrl\":\"https:\/\/www.carnicasiglesias.com\/wp-content\/uploads\/2017\/08\/slide1-principal.png\",\"width\":1600,\"height\":975},{\"@type\":\"BreadcrumbList\",\"@id\":\"https:\/\/www.carnicasiglesias.com\/fr\/contact\/#breadcrumb\",\"itemListElement\":[{\"@type\":\"ListItem\",\"position\":1,\"name\":\"Portada\",\"item\":\"https:\/\/www.carnicasiglesias.com\/fr\/\"},{\"@type\":\"ListItem\",\"position\":2,\"name\":\"Contact\"}]},{\"@type\":\"WebSite\",\"@id\":\"https:\/\/www.carnicasiglesias.com\/#website\",\"url\":\"https:\/\/www.carnicasiglesias.com\/\",\"name\":\"C\u00e1rnicas Iglesias\",\"description\":\"P\u00e1gina web de C\u00e1rnicas Iglesias\",\"potentialAction\":[{\"@type\":\"SearchAction\",\"target\":{\"@type\":\"EntryPoint\",\"urlTemplate\":\"https:\/\/www.carnicasiglesias.com\/?s={search_term_string}\"},\"query-input\":{\"@type\":\"PropertyValueSpecification\",\"valueRequired\":true,\"valueName\":\"search_term_string\"}}],\"inLanguage\":\"fr-FR\"}]}<\/script>\n<!-- \/ Yoast SEO plugin. -->","yoast_head_json":{"title":"Contact | C\u00e1rnicas Iglesias","description":"P\u00c1GINA DE CONTACTO DE C\u00c1RNICAS IGLESIAS. En el sitio web oficial de C\u00e1rnicas Iglesias podr\u00e1s encontrar informaci\u00f3n acerca de Contacto y podr\u00e1s rellenar un formulario para contactar con nosotros.","robots":{"index":"index","follow":"follow","max-snippet":"max-snippet:-1","max-image-preview":"max-image-preview:large","max-video-preview":"max-video-preview:-1"},"canonical":"https:\/\/www.carnicasiglesias.com\/fr\/contact\/","og_locale":"fr_FR","og_type":"article","og_title":"Contact | C\u00e1rnicas Iglesias","og_description":"P\u00c1GINA DE CONTACTO DE C\u00c1RNICAS IGLESIAS. En el sitio web oficial de C\u00e1rnicas Iglesias podr\u00e1s encontrar informaci\u00f3n acerca de Contacto y podr\u00e1s rellenar un formulario para contactar con nosotros.","og_url":"https:\/\/www.carnicasiglesias.com\/fr\/contact\/","og_site_name":"C\u00e1rnicas Iglesias","article_modified_time":"2019-08-20T09:39:47+00:00","og_image":[{"width":1600,"height":975,"url":"https:\/\/www.carnicasiglesias.com\/wp-content\/uploads\/2017\/08\/slide1-principal.png","type":"image\/png"}],"twitter_card":"summary_large_image","schema":{"@context":"https:\/\/schema.org","@graph":[{"@type":"WebPage","@id":"https:\/\/www.carnicasiglesias.com\/fr\/contact\/","url":"https:\/\/www.carnicasiglesias.com\/fr\/contact\/","name":"Contact | C\u00e1rnicas Iglesias","isPartOf":{"@id":"https:\/\/www.carnicasiglesias.com\/#website"},"primaryImageOfPage":{"@id":"https:\/\/www.carnicasiglesias.com\/fr\/contact\/#primaryimage"},"image":{"@id":"https:\/\/www.carnicasiglesias.com\/fr\/contact\/#primaryimage"},"thumbnailUrl":"https:\/\/www.carnicasiglesias.com\/wp-content\/uploads\/2017\/08\/slide1-principal.png","datePublished":"2017-06-23T07:19:10+00:00","dateModified":"2019-08-20T09:39:47+00:00","description":"P\u00c1GINA DE CONTACTO DE C\u00c1RNICAS IGLESIAS. En el sitio web oficial de C\u00e1rnicas Iglesias podr\u00e1s encontrar informaci\u00f3n acerca de Contacto y podr\u00e1s rellenar un formulario para contactar con nosotros.","breadcrumb":{"@id":"https:\/\/www.carnicasiglesias.com\/fr\/contact\/#breadcrumb"},"inLanguage":"fr-FR","potentialAction":[{"@type":"ReadAction","target":["https:\/\/www.carnicasiglesias.com\/fr\/contact\/"]}]},{"@type":"ImageObject","inLanguage":"fr-FR","@id":"https:\/\/www.carnicasiglesias.com\/fr\/contact\/#primaryimage","url":"https:\/\/www.carnicasiglesias.com\/wp-content\/uploads\/2017\/08\/slide1-principal.png","contentUrl":"https:\/\/www.carnicasiglesias.com\/wp-content\/uploads\/2017\/08\/slide1-principal.png","width":1600,"height":975},{"@type":"BreadcrumbList","@id":"https:\/\/www.carnicasiglesias.com\/fr\/contact\/#breadcrumb","itemListElement":[{"@type":"ListItem","position":1,"name":"Portada","item":"https:\/\/www.carnicasiglesias.com\/fr\/"},{"@type":"ListItem","position":2,"name":"Contact"}]},{"@type":"WebSite","@id":"https:\/\/www.carnicasiglesias.com\/#website","url":"https:\/\/www.carnicasiglesias.com\/","name":"C\u00e1rnicas Iglesias","description":"P\u00e1gina web de C\u00e1rnicas Iglesias","potentialAction":[{"@type":"SearchAction","target":{"@type":"EntryPoint","urlTemplate":"https:\/\/www.carnicasiglesias.com\/?s={search_term_string}"},"query-input":{"@type":"PropertyValueSpecification","valueRequired":true,"valueName":"search_term_string"}}],"inLanguage":"fr-FR"}]}},"_links":{"self":[{"href":"https:\/\/www.carnicasiglesias.com\/fr\/wp-json\/wp\/v2\/pages\/955","targetHints":{"allow":["GET"]}}],"collection":[{"href":"https:\/\/www.carnicasiglesias.com\/fr\/wp-json\/wp\/v2\/pages"}],"about":[{"href":"https:\/\/www.carnicasiglesias.com\/fr\/wp-json\/wp\/v2\/types\/page"}],"author":[{"embeddable":true,"href":"https:\/\/www.carnicasiglesias.com\/fr\/wp-json\/wp\/v2\/users\/1"}],"replies":[{"embeddable":true,"href":"https:\/\/www.carnicasiglesias.com\/fr\/wp-json\/wp\/v2\/comments?post=955"}],"version-history":[{"count":2,"href":"https:\/\/www.carnicasiglesias.com\/fr\/wp-json\/wp\/v2\/pages\/955\/revisions"}],"predecessor-version":[{"id":958,"href":"https:\/\/www.carnicasiglesias.com\/fr\/wp-json\/wp\/v2\/pages\/955\/revisions\/958"}],"wp:featuredmedia":[{"embeddable":true,"href":"https:\/\/www.carnicasiglesias.com\/fr\/wp-json\/wp\/v2\/media\/956"}],"wp:attachment":[{"href":"https:\/\/www.carnicasiglesias.com\/fr\/wp-json\/wp\/v2\/media?parent=955"}],"curies":[{"name":"wp","href":"https:\/\/api.w.org\/{rel}","templated":true}]}}