{"id":1596,"date":"2017-06-23T09:17:54","date_gmt":"2017-06-23T07:17:54","guid":{"rendered":"https:\/\/www.carnicasiglesias.com\/carnicas-iglesias\/"},"modified":"2019-10-29T08:54:58","modified_gmt":"2019-10-29T07:54:58","slug":"carnicas-iglesias","status":"publish","type":"page","link":"https:\/\/www.carnicasiglesias.com\/zh-hant\/carnicas-iglesias\/","title":{"rendered":"C\u00e1rnicas Iglesias"},"content":{"rendered":"<p>\u6211\u5011\u7684\u54c1\u724c\u6a19\u8a8c\u662f\u57fa\u65bc\u73fe\u4ee3\u5206\u92b7\u7684\u5b9a\u4f4d \u548c\u6d88\u8cbb\u7fd2\u6163\u7684\u6539\u8b8a\uff0c\u8207\u6b64\u540c\u6642\uff0c\u54e1\u5de5\u662f\u6211\u5011\u7684\u91cd\u8981\u8cc7\u7522.<\/p>\n<p>\u6211\u5011\u63a1\u7528\u5c0a\u91cd\u81ea\u7136\u3001\u793e\u6703\u548c\u7af6\u722d\u5c0d\u624b\u7684\u65b9\u5f0f\u751f\u7522\u548c\u92b7\u552e\u7522\u54c1.<\/p>\n<p>\u54c1\u724c\u5728\u85a9\u62c9\u66fc\u5361\u6210\u7acb\uff0c\u81ea1928\u5e74\u958b\u696d\u81f3\u672a\u4f86\u66f4\u591a\u7684\u6578\u5341\u5e74.<\/p>\n<p>\u7a4d\u6975\u70ba\u9867\u5ba2\u505a\u5230\u6700\u597d\u5c31\u662f\u6211\u5011\u6bcf\u5929\u5de5\u4f5c\u7684\u539f\u52d5\u529b.<br \/>\n\u6211\u5011\u5805\u6301\u516c\u53f8\u4e00\u8cab\u50b3\u7d71\uff0c\u5c55\u671b\u5c07\u4f86.<\/p>\n<p>&nbsp;<\/p>\n<div class=\"video-carn btnCarn\"><a href=\"\/#slide2\"> &gt;&gt; \u89c0\u770b\u5f71\u7247<\/a><\/div>\n","protected":false},"excerpt":{"rendered":"<p>\u6211\u5011\u7684\u54c1\u724c\u6a19\u8a8c\u662f\u57fa\u65bc\u73fe\u4ee3\u5206\u92b7\u7684\u5b9a\u4f4d \u548c\u6d88\u8cbb\u7fd2\u6163\u7684\u6539\u8b8a\uff0c\u8207\u6b64\u540c\u6642\uff0c\u54e1\u5de5\u662f\u6211\u5011\u7684\u91cd\u8981\u8cc7\u7522. \u6211\u5011\u63a1\u7528\u5c0a\u91cd\u81ea\u7136\u3001\u793e\u6703 &hellip; <\/p>\n<p class=\"link-more\"><a href=\"https:\/\/www.carnicasiglesias.com\/zh-hant\/carnicas-iglesias\/\" class=\"more-link\">Continue reading<span class=\"screen-reader-text\"> &#8220;C\u00e1rnicas Iglesias&#8221;<\/span><\/a><\/p>\n","protected":false},"author":1,"featured_media":1598,"parent":0,"menu_order":0,"comment_status":"closed","ping_status":"closed","template":"page-carnicas.php","meta":{"_acf_changed":false,"footnotes":""},"class_list":["post-1596","page","type-page","status-publish","has-post-thumbnail","hentry"],"acf":[],"yoast_head":"<!-- This site is optimized with the Yoast SEO plugin v24.8.1 - https:\/\/yoast.com\/wordpress\/plugins\/seo\/ -->\n<title>C\u00e1rnicas Iglesias | C\u00e1rnicas Iglesias<\/title>\n<meta name=\"description\" content=\"P\u00c1GINA DE QUIENES SOMOS DE C\u00c1RNICAS IGLESIAS. Nuestro personal es nuestro gran activo y la orientaci\u00f3n a la distribuci\u00f3n moderna y a los h\u00e1bitos de consumo cambiantes, nuestra se\u00f1a de identidad.\" \/>\n<meta name=\"robots\" content=\"index, follow, max-snippet:-1, max-image-preview:large, max-video-preview:-1\" \/>\n<link rel=\"canonical\" href=\"https:\/\/www.carnicasiglesias.com\/carnicas-iglesias\/\" \/>\n<meta property=\"og:locale\" content=\"zh_TW\" \/>\n<meta property=\"og:type\" content=\"article\" \/>\n<meta property=\"og:title\" content=\"C\u00e1rnicas Iglesias | C\u00e1rnicas Iglesias\" \/>\n<meta property=\"og:description\" content=\"P\u00c1GINA DE QUIENES SOMOS DE C\u00c1RNICAS IGLESIAS. Nuestro personal es nuestro gran activo y la orientaci\u00f3n a la distribuci\u00f3n moderna y a los h\u00e1bitos de consumo cambiantes, nuestra se\u00f1a de identidad.\" \/>\n<meta property=\"og:url\" content=\"https:\/\/www.carnicasiglesias.com\/carnicas-iglesias\/\" \/>\n<meta property=\"og:site_name\" content=\"C\u00e1rnicas Iglesias\" \/>\n<meta property=\"article:modified_time\" content=\"2019-10-29T07:54:58+00:00\" \/>\n<meta property=\"og:image\" content=\"https:\/\/www.carnicasiglesias.com\/wp-content\/uploads\/2018\/01\/banners.jpg\" \/>\n\t<meta property=\"og:image:width\" content=\"1600\" \/>\n\t<meta property=\"og:image:height\" content=\"897\" \/>\n\t<meta property=\"og:image:type\" content=\"image\/jpeg\" \/>\n<meta name=\"twitter:card\" content=\"summary_large_image\" \/>\n<script type=\"application\/ld+json\" class=\"yoast-schema-graph\">{\"@context\":\"https:\/\/schema.org\",\"@graph\":[{\"@type\":\"WebPage\",\"@id\":\"https:\/\/www.carnicasiglesias.com\/carnicas-iglesias\/\",\"url\":\"https:\/\/www.carnicasiglesias.com\/carnicas-iglesias\/\",\"name\":\"C\u00e1rnicas Iglesias | C\u00e1rnicas Iglesias\",\"isPartOf\":{\"@id\":\"https:\/\/www.carnicasiglesias.com\/#website\"},\"primaryImageOfPage\":{\"@id\":\"https:\/\/www.carnicasiglesias.com\/carnicas-iglesias\/#primaryimage\"},\"image\":{\"@id\":\"https:\/\/www.carnicasiglesias.com\/carnicas-iglesias\/#primaryimage\"},\"thumbnailUrl\":\"https:\/\/www.carnicasiglesias.com\/wp-content\/uploads\/2018\/01\/banners.jpg\",\"datePublished\":\"2017-06-23T07:17:54+00:00\",\"dateModified\":\"2019-10-29T07:54:58+00:00\",\"description\":\"P\u00c1GINA DE QUIENES SOMOS DE C\u00c1RNICAS IGLESIAS. Nuestro personal es nuestro gran activo y la orientaci\u00f3n a la distribuci\u00f3n moderna y a los h\u00e1bitos de consumo cambiantes, nuestra se\u00f1a de identidad.\",\"breadcrumb\":{\"@id\":\"https:\/\/www.carnicasiglesias.com\/carnicas-iglesias\/#breadcrumb\"},\"inLanguage\":\"zh-TW\",\"potentialAction\":[{\"@type\":\"ReadAction\",\"target\":[\"https:\/\/www.carnicasiglesias.com\/carnicas-iglesias\/\"]}]},{\"@type\":\"ImageObject\",\"inLanguage\":\"zh-TW\",\"@id\":\"https:\/\/www.carnicasiglesias.com\/carnicas-iglesias\/#primaryimage\",\"url\":\"https:\/\/www.carnicasiglesias.com\/wp-content\/uploads\/2018\/01\/banners.jpg\",\"contentUrl\":\"https:\/\/www.carnicasiglesias.com\/wp-content\/uploads\/2018\/01\/banners.jpg\",\"width\":1600,\"height\":897},{\"@type\":\"BreadcrumbList\",\"@id\":\"https:\/\/www.carnicasiglesias.com\/carnicas-iglesias\/#breadcrumb\",\"itemListElement\":[{\"@type\":\"ListItem\",\"position\":1,\"name\":\"Portada\",\"item\":\"https:\/\/www.carnicasiglesias.com\/zh-hant\/\"},{\"@type\":\"ListItem\",\"position\":2,\"name\":\"C\u00e1rnicas Iglesias\"}]},{\"@type\":\"WebSite\",\"@id\":\"https:\/\/www.carnicasiglesias.com\/#website\",\"url\":\"https:\/\/www.carnicasiglesias.com\/\",\"name\":\"C\u00e1rnicas Iglesias\",\"description\":\"P\u00e1gina web de C\u00e1rnicas Iglesias\",\"potentialAction\":[{\"@type\":\"SearchAction\",\"target\":{\"@type\":\"EntryPoint\",\"urlTemplate\":\"https:\/\/www.carnicasiglesias.com\/?s={search_term_string}\"},\"query-input\":{\"@type\":\"PropertyValueSpecification\",\"valueRequired\":true,\"valueName\":\"search_term_string\"}}],\"inLanguage\":\"zh-TW\"}]}<\/script>\n<!-- \/ Yoast SEO plugin. -->","yoast_head_json":{"title":"C\u00e1rnicas Iglesias | C\u00e1rnicas Iglesias","description":"P\u00c1GINA DE QUIENES SOMOS DE C\u00c1RNICAS IGLESIAS. Nuestro personal es nuestro gran activo y la orientaci\u00f3n a la distribuci\u00f3n moderna y a los h\u00e1bitos de consumo cambiantes, nuestra se\u00f1a de identidad.","robots":{"index":"index","follow":"follow","max-snippet":"max-snippet:-1","max-image-preview":"max-image-preview:large","max-video-preview":"max-video-preview:-1"},"canonical":"https:\/\/www.carnicasiglesias.com\/carnicas-iglesias\/","og_locale":"zh_TW","og_type":"article","og_title":"C\u00e1rnicas Iglesias | C\u00e1rnicas Iglesias","og_description":"P\u00c1GINA DE QUIENES SOMOS DE C\u00c1RNICAS IGLESIAS. Nuestro personal es nuestro gran activo y la orientaci\u00f3n a la distribuci\u00f3n moderna y a los h\u00e1bitos de consumo cambiantes, nuestra se\u00f1a de identidad.","og_url":"https:\/\/www.carnicasiglesias.com\/carnicas-iglesias\/","og_site_name":"C\u00e1rnicas Iglesias","article_modified_time":"2019-10-29T07:54:58+00:00","og_image":[{"width":1600,"height":897,"url":"https:\/\/www.carnicasiglesias.com\/wp-content\/uploads\/2018\/01\/banners.jpg","type":"image\/jpeg"}],"twitter_card":"summary_large_image","schema":{"@context":"https:\/\/schema.org","@graph":[{"@type":"WebPage","@id":"https:\/\/www.carnicasiglesias.com\/carnicas-iglesias\/","url":"https:\/\/www.carnicasiglesias.com\/carnicas-iglesias\/","name":"C\u00e1rnicas Iglesias | C\u00e1rnicas Iglesias","isPartOf":{"@id":"https:\/\/www.carnicasiglesias.com\/#website"},"primaryImageOfPage":{"@id":"https:\/\/www.carnicasiglesias.com\/carnicas-iglesias\/#primaryimage"},"image":{"@id":"https:\/\/www.carnicasiglesias.com\/carnicas-iglesias\/#primaryimage"},"thumbnailUrl":"https:\/\/www.carnicasiglesias.com\/wp-content\/uploads\/2018\/01\/banners.jpg","datePublished":"2017-06-23T07:17:54+00:00","dateModified":"2019-10-29T07:54:58+00:00","description":"P\u00c1GINA DE QUIENES SOMOS DE C\u00c1RNICAS IGLESIAS. Nuestro personal es nuestro gran activo y la orientaci\u00f3n a la distribuci\u00f3n moderna y a los h\u00e1bitos de consumo cambiantes, nuestra se\u00f1a de identidad.","breadcrumb":{"@id":"https:\/\/www.carnicasiglesias.com\/carnicas-iglesias\/#breadcrumb"},"inLanguage":"zh-TW","potentialAction":[{"@type":"ReadAction","target":["https:\/\/www.carnicasiglesias.com\/carnicas-iglesias\/"]}]},{"@type":"ImageObject","inLanguage":"zh-TW","@id":"https:\/\/www.carnicasiglesias.com\/carnicas-iglesias\/#primaryimage","url":"https:\/\/www.carnicasiglesias.com\/wp-content\/uploads\/2018\/01\/banners.jpg","contentUrl":"https:\/\/www.carnicasiglesias.com\/wp-content\/uploads\/2018\/01\/banners.jpg","width":1600,"height":897},{"@type":"BreadcrumbList","@id":"https:\/\/www.carnicasiglesias.com\/carnicas-iglesias\/#breadcrumb","itemListElement":[{"@type":"ListItem","position":1,"name":"Portada","item":"https:\/\/www.carnicasiglesias.com\/zh-hant\/"},{"@type":"ListItem","position":2,"name":"C\u00e1rnicas Iglesias"}]},{"@type":"WebSite","@id":"https:\/\/www.carnicasiglesias.com\/#website","url":"https:\/\/www.carnicasiglesias.com\/","name":"C\u00e1rnicas Iglesias","description":"P\u00e1gina web de C\u00e1rnicas Iglesias","potentialAction":[{"@type":"SearchAction","target":{"@type":"EntryPoint","urlTemplate":"https:\/\/www.carnicasiglesias.com\/?s={search_term_string}"},"query-input":{"@type":"PropertyValueSpecification","valueRequired":true,"valueName":"search_term_string"}}],"inLanguage":"zh-TW"}]}},"_links":{"self":[{"href":"https:\/\/www.carnicasiglesias.com\/zh-hant\/wp-json\/wp\/v2\/pages\/1596","targetHints":{"allow":["GET"]}}],"collection":[{"href":"https:\/\/www.carnicasiglesias.com\/zh-hant\/wp-json\/wp\/v2\/pages"}],"about":[{"href":"https:\/\/www.carnicasiglesias.com\/zh-hant\/wp-json\/wp\/v2\/types\/page"}],"author":[{"embeddable":true,"href":"https:\/\/www.carnicasiglesias.com\/zh-hant\/wp-json\/wp\/v2\/users\/1"}],"replies":[{"embeddable":true,"href":"https:\/\/www.carnicasiglesias.com\/zh-hant\/wp-json\/wp\/v2\/comments?post=1596"}],"version-history":[{"count":6,"href":"https:\/\/www.carnicasiglesias.com\/zh-hant\/wp-json\/wp\/v2\/pages\/1596\/revisions"}],"predecessor-version":[{"id":1606,"href":"https:\/\/www.carnicasiglesias.com\/zh-hant\/wp-json\/wp\/v2\/pages\/1596\/revisions\/1606"}],"wp:featuredmedia":[{"embeddable":true,"href":"https:\/\/www.carnicasiglesias.com\/zh-hant\/wp-json\/wp\/v2\/media\/1598"}],"wp:attachment":[{"href":"https:\/\/www.carnicasiglesias.com\/zh-hant\/wp-json\/wp\/v2\/media?parent=1596"}],"curies":[{"name":"wp","href":"https:\/\/api.w.org\/{rel}","templated":true}]}}