{"id":1672,"date":"2017-06-19T14:08:20","date_gmt":"2017-06-19T12:08:20","guid":{"rendered":"https:\/\/www.carnicasiglesias.com\/inicio\/"},"modified":"2019-10-29T09:11:29","modified_gmt":"2019-10-29T08:11:29","slug":"inicio","status":"publish","type":"page","link":"https:\/\/www.carnicasiglesias.com\/zh-hant\/","title":{"rendered":"Inicio"},"content":{"rendered":"","protected":false},"excerpt":{"rendered":"","protected":false},"author":1,"featured_media":1670,"parent":0,"menu_order":0,"comment_status":"closed","ping_status":"closed","template":"page-inicio.php","meta":{"_acf_changed":false,"footnotes":""},"class_list":["post-1672","page","type-page","status-publish","has-post-thumbnail","hentry"],"acf":[],"yoast_head":"<!-- This site is optimized with the Yoast SEO plugin v24.8.1 - https:\/\/yoast.com\/wordpress\/plugins\/seo\/ -->\n<title>Inicio | C\u00e1rnicas Iglesias<\/title>\n<meta name=\"description\" content=\"P\u00c1GINA DE INICIO DE C\u00c1RNICAS IGLESIAS. En el sitio web oficial de C\u00e1rnicas Iglesias podr\u00e1s encontrar informaci\u00f3n acerca de Inicio, la empresa, noticias, productos y clientes.\" \/>\n<meta name=\"robots\" content=\"index, follow, max-snippet:-1, max-image-preview:large, max-video-preview:-1\" \/>\n<link rel=\"canonical\" href=\"https:\/\/www.carnicasiglesias.com\/zh-hant\/\" \/>\n<meta property=\"og:locale\" content=\"zh_TW\" \/>\n<meta property=\"og:type\" content=\"article\" \/>\n<meta property=\"og:title\" content=\"Inicio | C\u00e1rnicas Iglesias\" \/>\n<meta property=\"og:description\" content=\"P\u00c1GINA DE INICIO DE C\u00c1RNICAS IGLESIAS. En el sitio web oficial de C\u00e1rnicas Iglesias podr\u00e1s encontrar informaci\u00f3n acerca de Inicio, la empresa, noticias, productos y clientes.\" \/>\n<meta property=\"og:url\" content=\"https:\/\/www.carnicasiglesias.com\/zh-hant\/\" \/>\n<meta property=\"og:site_name\" content=\"C\u00e1rnicas Iglesias\" \/>\n<meta property=\"article:modified_time\" content=\"2019-10-29T08:11:29+00:00\" \/>\n<meta property=\"og:image\" content=\"https:\/\/www.carnicasiglesias.com\/wp-content\/uploads\/2017\/08\/slide1-principal.png\" \/>\n\t<meta property=\"og:image:width\" content=\"1600\" \/>\n\t<meta property=\"og:image:height\" content=\"975\" \/>\n\t<meta property=\"og:image:type\" content=\"image\/png\" \/>\n<meta name=\"twitter:card\" content=\"summary_large_image\" \/>\n<script type=\"application\/ld+json\" class=\"yoast-schema-graph\">{\"@context\":\"https:\/\/schema.org\",\"@graph\":[{\"@type\":\"WebPage\",\"@id\":\"https:\/\/www.carnicasiglesias.com\/zh-hant\/\",\"url\":\"https:\/\/www.carnicasiglesias.com\/zh-hant\/\",\"name\":\"Inicio | C\u00e1rnicas Iglesias\",\"isPartOf\":{\"@id\":\"https:\/\/www.carnicasiglesias.com\/#website\"},\"primaryImageOfPage\":{\"@id\":\"https:\/\/www.carnicasiglesias.com\/zh-hant\/#primaryimage\"},\"image\":{\"@id\":\"https:\/\/www.carnicasiglesias.com\/zh-hant\/#primaryimage\"},\"thumbnailUrl\":\"https:\/\/www.carnicasiglesias.com\/wp-content\/uploads\/2017\/08\/slide1-principal.png\",\"datePublished\":\"2017-06-19T12:08:20+00:00\",\"dateModified\":\"2019-10-29T08:11:29+00:00\",\"description\":\"P\u00c1GINA DE INICIO DE C\u00c1RNICAS IGLESIAS. En el sitio web oficial de C\u00e1rnicas Iglesias podr\u00e1s encontrar informaci\u00f3n acerca de Inicio, la empresa, noticias, productos y clientes.\",\"breadcrumb\":{\"@id\":\"https:\/\/www.carnicasiglesias.com\/zh-hant\/#breadcrumb\"},\"inLanguage\":\"zh-TW\",\"potentialAction\":[{\"@type\":\"ReadAction\",\"target\":[\"https:\/\/www.carnicasiglesias.com\/zh-hant\/\"]}]},{\"@type\":\"ImageObject\",\"inLanguage\":\"zh-TW\",\"@id\":\"https:\/\/www.carnicasiglesias.com\/zh-hant\/#primaryimage\",\"url\":\"https:\/\/www.carnicasiglesias.com\/wp-content\/uploads\/2017\/08\/slide1-principal.png\",\"contentUrl\":\"https:\/\/www.carnicasiglesias.com\/wp-content\/uploads\/2017\/08\/slide1-principal.png\",\"width\":1600,\"height\":975},{\"@type\":\"BreadcrumbList\",\"@id\":\"https:\/\/www.carnicasiglesias.com\/zh-hant\/#breadcrumb\",\"itemListElement\":[{\"@type\":\"ListItem\",\"position\":1,\"name\":\"Portada\",\"item\":\"https:\/\/www.carnicasiglesias.com\/zh-hant\/\"},{\"@type\":\"ListItem\",\"position\":2,\"name\":\"Inicio\"}]},{\"@type\":\"WebSite\",\"@id\":\"https:\/\/www.carnicasiglesias.com\/#website\",\"url\":\"https:\/\/www.carnicasiglesias.com\/\",\"name\":\"C\u00e1rnicas Iglesias\",\"description\":\"P\u00e1gina web de C\u00e1rnicas Iglesias\",\"potentialAction\":[{\"@type\":\"SearchAction\",\"target\":{\"@type\":\"EntryPoint\",\"urlTemplate\":\"https:\/\/www.carnicasiglesias.com\/?s={search_term_string}\"},\"query-input\":{\"@type\":\"PropertyValueSpecification\",\"valueRequired\":true,\"valueName\":\"search_term_string\"}}],\"inLanguage\":\"zh-TW\"}]}<\/script>\n<!-- \/ Yoast SEO plugin. -->","yoast_head_json":{"title":"Inicio | C\u00e1rnicas Iglesias","description":"P\u00c1GINA DE INICIO DE C\u00c1RNICAS IGLESIAS. En el sitio web oficial de C\u00e1rnicas Iglesias podr\u00e1s encontrar informaci\u00f3n acerca de Inicio, la empresa, noticias, productos y clientes.","robots":{"index":"index","follow":"follow","max-snippet":"max-snippet:-1","max-image-preview":"max-image-preview:large","max-video-preview":"max-video-preview:-1"},"canonical":"https:\/\/www.carnicasiglesias.com\/zh-hant\/","og_locale":"zh_TW","og_type":"article","og_title":"Inicio | C\u00e1rnicas Iglesias","og_description":"P\u00c1GINA DE INICIO DE C\u00c1RNICAS IGLESIAS. En el sitio web oficial de C\u00e1rnicas Iglesias podr\u00e1s encontrar informaci\u00f3n acerca de Inicio, la empresa, noticias, productos y clientes.","og_url":"https:\/\/www.carnicasiglesias.com\/zh-hant\/","og_site_name":"C\u00e1rnicas Iglesias","article_modified_time":"2019-10-29T08:11:29+00:00","og_image":[{"width":1600,"height":975,"url":"https:\/\/www.carnicasiglesias.com\/wp-content\/uploads\/2017\/08\/slide1-principal.png","type":"image\/png"}],"twitter_card":"summary_large_image","schema":{"@context":"https:\/\/schema.org","@graph":[{"@type":"WebPage","@id":"https:\/\/www.carnicasiglesias.com\/zh-hant\/","url":"https:\/\/www.carnicasiglesias.com\/zh-hant\/","name":"Inicio | C\u00e1rnicas Iglesias","isPartOf":{"@id":"https:\/\/www.carnicasiglesias.com\/#website"},"primaryImageOfPage":{"@id":"https:\/\/www.carnicasiglesias.com\/zh-hant\/#primaryimage"},"image":{"@id":"https:\/\/www.carnicasiglesias.com\/zh-hant\/#primaryimage"},"thumbnailUrl":"https:\/\/www.carnicasiglesias.com\/wp-content\/uploads\/2017\/08\/slide1-principal.png","datePublished":"2017-06-19T12:08:20+00:00","dateModified":"2019-10-29T08:11:29+00:00","description":"P\u00c1GINA DE INICIO DE C\u00c1RNICAS IGLESIAS. En el sitio web oficial de C\u00e1rnicas Iglesias podr\u00e1s encontrar informaci\u00f3n acerca de Inicio, la empresa, noticias, productos y clientes.","breadcrumb":{"@id":"https:\/\/www.carnicasiglesias.com\/zh-hant\/#breadcrumb"},"inLanguage":"zh-TW","potentialAction":[{"@type":"ReadAction","target":["https:\/\/www.carnicasiglesias.com\/zh-hant\/"]}]},{"@type":"ImageObject","inLanguage":"zh-TW","@id":"https:\/\/www.carnicasiglesias.com\/zh-hant\/#primaryimage","url":"https:\/\/www.carnicasiglesias.com\/wp-content\/uploads\/2017\/08\/slide1-principal.png","contentUrl":"https:\/\/www.carnicasiglesias.com\/wp-content\/uploads\/2017\/08\/slide1-principal.png","width":1600,"height":975},{"@type":"BreadcrumbList","@id":"https:\/\/www.carnicasiglesias.com\/zh-hant\/#breadcrumb","itemListElement":[{"@type":"ListItem","position":1,"name":"Portada","item":"https:\/\/www.carnicasiglesias.com\/zh-hant\/"},{"@type":"ListItem","position":2,"name":"Inicio"}]},{"@type":"WebSite","@id":"https:\/\/www.carnicasiglesias.com\/#website","url":"https:\/\/www.carnicasiglesias.com\/","name":"C\u00e1rnicas Iglesias","description":"P\u00e1gina web de C\u00e1rnicas Iglesias","potentialAction":[{"@type":"SearchAction","target":{"@type":"EntryPoint","urlTemplate":"https:\/\/www.carnicasiglesias.com\/?s={search_term_string}"},"query-input":{"@type":"PropertyValueSpecification","valueRequired":true,"valueName":"search_term_string"}}],"inLanguage":"zh-TW"}]}},"_links":{"self":[{"href":"https:\/\/www.carnicasiglesias.com\/zh-hant\/wp-json\/wp\/v2\/pages\/1672","targetHints":{"allow":["GET"]}}],"collection":[{"href":"https:\/\/www.carnicasiglesias.com\/zh-hant\/wp-json\/wp\/v2\/pages"}],"about":[{"href":"https:\/\/www.carnicasiglesias.com\/zh-hant\/wp-json\/wp\/v2\/types\/page"}],"author":[{"embeddable":true,"href":"https:\/\/www.carnicasiglesias.com\/zh-hant\/wp-json\/wp\/v2\/users\/1"}],"replies":[{"embeddable":true,"href":"https:\/\/www.carnicasiglesias.com\/zh-hant\/wp-json\/wp\/v2\/comments?post=1672"}],"version-history":[{"count":1,"href":"https:\/\/www.carnicasiglesias.com\/zh-hant\/wp-json\/wp\/v2\/pages\/1672\/revisions"}],"predecessor-version":[{"id":1673,"href":"https:\/\/www.carnicasiglesias.com\/zh-hant\/wp-json\/wp\/v2\/pages\/1672\/revisions\/1673"}],"wp:featuredmedia":[{"embeddable":true,"href":"https:\/\/www.carnicasiglesias.com\/zh-hant\/wp-json\/wp\/v2\/media\/1670"}],"wp:attachment":[{"href":"https:\/\/www.carnicasiglesias.com\/zh-hant\/wp-json\/wp\/v2\/media?parent=1672"}],"curies":[{"name":"wp","href":"https:\/\/api.w.org\/{rel}","templated":true}]}}