{"id":1876,"date":"2017-06-28T10:10:22","date_gmt":"2017-06-28T08:10:22","guid":{"rendered":"https:\/\/www.carnicasiglesias.com\/legal-notice\/"},"modified":"2019-10-29T13:38:51","modified_gmt":"2019-10-29T12:38:51","slug":"legal-notice","status":"publish","type":"page","link":"https:\/\/www.carnicasiglesias.com\/zh-hant\/legal-notice\/","title":{"rendered":"Legal Notice"},"content":{"rendered":"<div class=\"aviso_legal_titulo\"><\/div>\n<div class=\"aviso_legal_texto\">\n<p><strong>LEGAL NOTICE<\/strong><\/p>\n<p>This legal notice regulates the use of this website www.carnicasiglesias.com, hereinafter called \u201cwebsite\u201d of Industrias Carnicas S. A. \u2013 A37056025. Avda Padres Pa\u00fales n\u00ba9, Ctra. Madrid, CP 37900, Santa Marta de Tormes (Salamanca)<br \/>\nTel. 923215908<\/p>\n<p><strong>Registered at Commercial Register of Salamanca, General Tome 121, book 65, Section third, sheet 104, page 1227, inscription first.<\/strong><\/p>\n<p><strong>LEGISLATION<\/strong><\/p>\n<p>Generally, relations between Industrias Carnicas Iglesias SA with the web users, are subjected to Spanish legislations and jurisdictions.<\/p>\n<p><strong>USE AND USERS ACCESS<\/strong><\/p>\n<p>Users have been informed and accept that the access to this site doesn\u2019t involve the beginning of a commercial relation with Industrias Carnicas Iglesias or any of its delegations.<\/p>\n<p><strong>INDUSTRIAL AND INTELLECTUAL PROPIERTY<\/strong><\/p>\n<p>Intellectual property rights of the content of websites, its graphic design and codes are owned by Industrias C\u00e1rnicas Iglesias S.A. and, thus, it is forbidden its reproduction, distribution, public disclosure, transformation or any other activity that can be carried out using the contents of the website, including naming sources, except with written consent of Industrias Carnicas<br \/>\nIglesias.<\/p>\n<p><strong>WEB CONTENT AND LINKS<\/strong><\/p>\n<p>Industrias Carnicas Iglesias S.A. reserves the right to update, modify or eliminate the information published on this website, including restricting the access to specific users to this information.<\/p>\n<p>Industrias Carnicas Iglesias S.A. doesn\u2019t take any responsibility regarding the information published on third -party websites, links to Industrias Carnicas Iglesias from other websites. The presence of links on the website is merely aimed at informing the users.<\/p>\n<\/div>\n","protected":false},"excerpt":{"rendered":"<p>LEGAL NOTICE This legal notice regulates the use of thi &hellip; <\/p>\n<p class=\"link-more\"><a href=\"https:\/\/www.carnicasiglesias.com\/zh-hant\/legal-notice\/\" class=\"more-link\">Continue reading<span class=\"screen-reader-text\"> &#8220;Legal Notice&#8221;<\/span><\/a><\/p>\n","protected":false},"author":1,"featured_media":1670,"parent":0,"menu_order":0,"comment_status":"closed","ping_status":"closed","template":"page-aviso.php","meta":{"_acf_changed":false,"footnotes":""},"class_list":["post-1876","page","type-page","status-publish","has-post-thumbnail","hentry"],"acf":[],"yoast_head":"<!-- This site is optimized with the Yoast SEO plugin v24.8.1 - https:\/\/yoast.com\/wordpress\/plugins\/seo\/ -->\n<title>Legal Notice | C\u00e1rnicas Iglesias<\/title>\n<meta name=\"description\" content=\"P\u00c1GINA DE AVISO LEGAL El presente aviso legal regula el uso del sitio web (en adelante, el &quot;Sitio Web&quot;) de Industrias C\u00e1rnicas Iglesias S.A.\u2013 A37056025 Avda Padres Pa\u00fales n\u00ba9, Ctra. Madrid, CP 37900, Santa Marta de Tormes (Salamanca) Tlf. 923215908.\" \/>\n<meta name=\"robots\" content=\"index, follow, max-snippet:-1, max-image-preview:large, max-video-preview:-1\" \/>\n<link rel=\"canonical\" href=\"https:\/\/www.carnicasiglesias.com\/aviso-legal\/\" \/>\n<meta property=\"og:locale\" content=\"zh_TW\" \/>\n<meta property=\"og:type\" content=\"article\" \/>\n<meta property=\"og:title\" content=\"Legal Notice | C\u00e1rnicas Iglesias\" \/>\n<meta property=\"og:description\" content=\"P\u00c1GINA DE AVISO LEGAL El presente aviso legal regula el uso del sitio web (en adelante, el &quot;Sitio Web&quot;) de Industrias C\u00e1rnicas Iglesias S.A.\u2013 A37056025 Avda Padres Pa\u00fales n\u00ba9, Ctra. Madrid, CP 37900, Santa Marta de Tormes (Salamanca) Tlf. 923215908.\" \/>\n<meta property=\"og:url\" content=\"https:\/\/www.carnicasiglesias.com\/aviso-legal\/\" \/>\n<meta property=\"og:site_name\" content=\"C\u00e1rnicas Iglesias\" \/>\n<meta property=\"article:modified_time\" content=\"2019-10-29T12:38:51+00:00\" \/>\n<meta property=\"og:image\" content=\"https:\/\/www.carnicasiglesias.com\/wp-content\/uploads\/2017\/08\/slide1-principal.png\" \/>\n\t<meta property=\"og:image:width\" content=\"1600\" \/>\n\t<meta property=\"og:image:height\" content=\"975\" \/>\n\t<meta property=\"og:image:type\" content=\"image\/png\" \/>\n<meta name=\"twitter:card\" content=\"summary_large_image\" \/>\n<meta name=\"twitter:label1\" content=\"\u9810\u4f30\u95b1\u8b80\u6642\u9593\" \/>\n\t<meta name=\"twitter:data1\" content=\"1 \u5206\u9418\" \/>\n<script type=\"application\/ld+json\" class=\"yoast-schema-graph\">{\"@context\":\"https:\/\/schema.org\",\"@graph\":[{\"@type\":\"WebPage\",\"@id\":\"https:\/\/www.carnicasiglesias.com\/aviso-legal\/\",\"url\":\"https:\/\/www.carnicasiglesias.com\/aviso-legal\/\",\"name\":\"Legal Notice | C\u00e1rnicas Iglesias\",\"isPartOf\":{\"@id\":\"https:\/\/www.carnicasiglesias.com\/#website\"},\"primaryImageOfPage\":{\"@id\":\"https:\/\/www.carnicasiglesias.com\/aviso-legal\/#primaryimage\"},\"image\":{\"@id\":\"https:\/\/www.carnicasiglesias.com\/aviso-legal\/#primaryimage\"},\"thumbnailUrl\":\"https:\/\/www.carnicasiglesias.com\/wp-content\/uploads\/2017\/08\/slide1-principal.png\",\"datePublished\":\"2017-06-28T08:10:22+00:00\",\"dateModified\":\"2019-10-29T12:38:51+00:00\",\"description\":\"P\u00c1GINA DE AVISO LEGAL El presente aviso legal regula el uso del sitio web (en adelante, el \\\"Sitio Web\\\") de Industrias C\u00e1rnicas Iglesias S.A.\u2013 A37056025 Avda Padres Pa\u00fales n\u00ba9, Ctra. Madrid, CP 37900, Santa Marta de Tormes (Salamanca) Tlf. 923215908.\",\"breadcrumb\":{\"@id\":\"https:\/\/www.carnicasiglesias.com\/aviso-legal\/#breadcrumb\"},\"inLanguage\":\"zh-TW\",\"potentialAction\":[{\"@type\":\"ReadAction\",\"target\":[\"https:\/\/www.carnicasiglesias.com\/aviso-legal\/\"]}]},{\"@type\":\"ImageObject\",\"inLanguage\":\"zh-TW\",\"@id\":\"https:\/\/www.carnicasiglesias.com\/aviso-legal\/#primaryimage\",\"url\":\"https:\/\/www.carnicasiglesias.com\/wp-content\/uploads\/2017\/08\/slide1-principal.png\",\"contentUrl\":\"https:\/\/www.carnicasiglesias.com\/wp-content\/uploads\/2017\/08\/slide1-principal.png\",\"width\":1600,\"height\":975},{\"@type\":\"BreadcrumbList\",\"@id\":\"https:\/\/www.carnicasiglesias.com\/aviso-legal\/#breadcrumb\",\"itemListElement\":[{\"@type\":\"ListItem\",\"position\":1,\"name\":\"Portada\",\"item\":\"https:\/\/www.carnicasiglesias.com\/zh-hant\/\"},{\"@type\":\"ListItem\",\"position\":2,\"name\":\"Legal Notice\"}]},{\"@type\":\"WebSite\",\"@id\":\"https:\/\/www.carnicasiglesias.com\/#website\",\"url\":\"https:\/\/www.carnicasiglesias.com\/\",\"name\":\"C\u00e1rnicas Iglesias\",\"description\":\"P\u00e1gina web de C\u00e1rnicas Iglesias\",\"potentialAction\":[{\"@type\":\"SearchAction\",\"target\":{\"@type\":\"EntryPoint\",\"urlTemplate\":\"https:\/\/www.carnicasiglesias.com\/?s={search_term_string}\"},\"query-input\":{\"@type\":\"PropertyValueSpecification\",\"valueRequired\":true,\"valueName\":\"search_term_string\"}}],\"inLanguage\":\"zh-TW\"}]}<\/script>\n<!-- \/ Yoast SEO plugin. -->","yoast_head_json":{"title":"Legal Notice | C\u00e1rnicas Iglesias","description":"P\u00c1GINA DE AVISO LEGAL El presente aviso legal regula el uso del sitio web (en adelante, el \"Sitio Web\") de Industrias C\u00e1rnicas Iglesias S.A.\u2013 A37056025 Avda Padres Pa\u00fales n\u00ba9, Ctra. Madrid, CP 37900, Santa Marta de Tormes (Salamanca) Tlf. 923215908.","robots":{"index":"index","follow":"follow","max-snippet":"max-snippet:-1","max-image-preview":"max-image-preview:large","max-video-preview":"max-video-preview:-1"},"canonical":"https:\/\/www.carnicasiglesias.com\/aviso-legal\/","og_locale":"zh_TW","og_type":"article","og_title":"Legal Notice | C\u00e1rnicas Iglesias","og_description":"P\u00c1GINA DE AVISO LEGAL El presente aviso legal regula el uso del sitio web (en adelante, el \"Sitio Web\") de Industrias C\u00e1rnicas Iglesias S.A.\u2013 A37056025 Avda Padres Pa\u00fales n\u00ba9, Ctra. Madrid, CP 37900, Santa Marta de Tormes (Salamanca) Tlf. 923215908.","og_url":"https:\/\/www.carnicasiglesias.com\/aviso-legal\/","og_site_name":"C\u00e1rnicas Iglesias","article_modified_time":"2019-10-29T12:38:51+00:00","og_image":[{"width":1600,"height":975,"url":"https:\/\/www.carnicasiglesias.com\/wp-content\/uploads\/2017\/08\/slide1-principal.png","type":"image\/png"}],"twitter_card":"summary_large_image","twitter_misc":{"\u9810\u4f30\u95b1\u8b80\u6642\u9593":"1 \u5206\u9418"},"schema":{"@context":"https:\/\/schema.org","@graph":[{"@type":"WebPage","@id":"https:\/\/www.carnicasiglesias.com\/aviso-legal\/","url":"https:\/\/www.carnicasiglesias.com\/aviso-legal\/","name":"Legal Notice | C\u00e1rnicas Iglesias","isPartOf":{"@id":"https:\/\/www.carnicasiglesias.com\/#website"},"primaryImageOfPage":{"@id":"https:\/\/www.carnicasiglesias.com\/aviso-legal\/#primaryimage"},"image":{"@id":"https:\/\/www.carnicasiglesias.com\/aviso-legal\/#primaryimage"},"thumbnailUrl":"https:\/\/www.carnicasiglesias.com\/wp-content\/uploads\/2017\/08\/slide1-principal.png","datePublished":"2017-06-28T08:10:22+00:00","dateModified":"2019-10-29T12:38:51+00:00","description":"P\u00c1GINA DE AVISO LEGAL El presente aviso legal regula el uso del sitio web (en adelante, el \"Sitio Web\") de Industrias C\u00e1rnicas Iglesias S.A.\u2013 A37056025 Avda Padres Pa\u00fales n\u00ba9, Ctra. Madrid, CP 37900, Santa Marta de Tormes (Salamanca) Tlf. 923215908.","breadcrumb":{"@id":"https:\/\/www.carnicasiglesias.com\/aviso-legal\/#breadcrumb"},"inLanguage":"zh-TW","potentialAction":[{"@type":"ReadAction","target":["https:\/\/www.carnicasiglesias.com\/aviso-legal\/"]}]},{"@type":"ImageObject","inLanguage":"zh-TW","@id":"https:\/\/www.carnicasiglesias.com\/aviso-legal\/#primaryimage","url":"https:\/\/www.carnicasiglesias.com\/wp-content\/uploads\/2017\/08\/slide1-principal.png","contentUrl":"https:\/\/www.carnicasiglesias.com\/wp-content\/uploads\/2017\/08\/slide1-principal.png","width":1600,"height":975},{"@type":"BreadcrumbList","@id":"https:\/\/www.carnicasiglesias.com\/aviso-legal\/#breadcrumb","itemListElement":[{"@type":"ListItem","position":1,"name":"Portada","item":"https:\/\/www.carnicasiglesias.com\/zh-hant\/"},{"@type":"ListItem","position":2,"name":"Legal Notice"}]},{"@type":"WebSite","@id":"https:\/\/www.carnicasiglesias.com\/#website","url":"https:\/\/www.carnicasiglesias.com\/","name":"C\u00e1rnicas Iglesias","description":"P\u00e1gina web de C\u00e1rnicas Iglesias","potentialAction":[{"@type":"SearchAction","target":{"@type":"EntryPoint","urlTemplate":"https:\/\/www.carnicasiglesias.com\/?s={search_term_string}"},"query-input":{"@type":"PropertyValueSpecification","valueRequired":true,"valueName":"search_term_string"}}],"inLanguage":"zh-TW"}]}},"_links":{"self":[{"href":"https:\/\/www.carnicasiglesias.com\/zh-hant\/wp-json\/wp\/v2\/pages\/1876","targetHints":{"allow":["GET"]}}],"collection":[{"href":"https:\/\/www.carnicasiglesias.com\/zh-hant\/wp-json\/wp\/v2\/pages"}],"about":[{"href":"https:\/\/www.carnicasiglesias.com\/zh-hant\/wp-json\/wp\/v2\/types\/page"}],"author":[{"embeddable":true,"href":"https:\/\/www.carnicasiglesias.com\/zh-hant\/wp-json\/wp\/v2\/users\/1"}],"replies":[{"embeddable":true,"href":"https:\/\/www.carnicasiglesias.com\/zh-hant\/wp-json\/wp\/v2\/comments?post=1876"}],"version-history":[{"count":1,"href":"https:\/\/www.carnicasiglesias.com\/zh-hant\/wp-json\/wp\/v2\/pages\/1876\/revisions"}],"predecessor-version":[{"id":1877,"href":"https:\/\/www.carnicasiglesias.com\/zh-hant\/wp-json\/wp\/v2\/pages\/1876\/revisions\/1877"}],"wp:featuredmedia":[{"embeddable":true,"href":"https:\/\/www.carnicasiglesias.com\/zh-hant\/wp-json\/wp\/v2\/media\/1670"}],"wp:attachment":[{"href":"https:\/\/www.carnicasiglesias.com\/zh-hant\/wp-json\/wp\/v2\/media?parent=1876"}],"curies":[{"name":"wp","href":"https:\/\/api.w.org\/{rel}","templated":true}]}}